{"id":1221,"date":"2016-09-15T18:25:38","date_gmt":"2016-09-15T18:25:38","guid":{"rendered":"http:\/\/www.lopezspratt.com\/v3\/?page_id=1221"},"modified":"2017-04-01T16:49:48","modified_gmt":"2017-04-01T16:49:48","slug":"sobre-mi","status":"publish","type":"page","link":"http:\/\/www.lopezspratt.com\/v3\/sobre-mi\/","title":{"rendered":"Sobre Mi"},"content":{"rendered":"<div class=\"wpb-content-wrapper\"><p>[vc_row css=&#8221;.vc_custom_1446885919779{padding-top: 20px !important;padding-bottom: 50px !important;}&#8221;][vc_column][vc_row_inner][vc_column_inner width=&#8221;2\/6&#8243;]<div class=\"ult-new-ib ult-ib-effect-style1  ult-ib-resp  \" data-min-width=\"768\" data-max-width=\"900\" style=\"\" data-opacity=\"1\" data-hover-opacity=\"0.4\" ><img decoding=\"async\" class=\"ult-new-ib-img\" style=\"opacity:1;\" alt=\"null\" src=\"http:\/\/www.lopezspratt.com\/v3\/wp-content\/uploads\/2016\/09\/DSC_8153-web-1.jpg\"   \/><div id=\"interactive-banner-wrap-2815\" class=\"ult-new-ib-desc\" style=\"\"><h2 class=\"ult-new-ib-title ult-responsive\"  data-ultimate-target='#interactive-banner-wrap-2815 .ult-new-ib-title'  data-responsive-json-new='{\"font-size\":\"\",\"line-height\":\"\"}'  style=\"font-family:'Cabin';font-weight:bold;color:#ffffff;\"><\/h2><div class=\"ult-new-ib-content ult-responsive\"  data-ultimate-target='#interactive-banner-wrap-2815 .ult-new-ib-content'  data-responsive-json-new='{\"font-size\":\"\",\"line-height\":\"\"}'  style=\"font-family:'Cabin';font-weight:bold;\"><p><\/p><\/div><\/div><a class=\"ult-new-ib-link\"  ><\/a><\/div><script type=\"text\/javascript\">\r\n\t\t\t(function($){\r\n\t\t\t\t$(document).ready(function(){\r\n\t\t\t\t\t$(\".ult-new-ib\").css(\"opacity\",\"1\");\r\n\t\t\t\t});\r\n\t\t\t})(jQuery);\r\n\t\t\t<\/script>[vc_media_grid gap=&#8221;1&#8243; grid_id=&#8221;vc_gid:1491064865513-4f3c2a46-1484-5&#8243; include=&#8221;1294,1296,1297&#8243;][\/vc_column_inner][vc_column_inner width=&#8221;4\/6&#8243;][vc_gallery type=&#8221;nivo&#8221; interval=&#8221;3&#8243; images=&#8221;1582,1588,1587,1581,1583,1586&#8243; img_size=&#8221;full&#8221; onclick=&#8221;&#8221;][\/vc_column_inner][\/vc_row_inner][\/vc_column][\/vc_row][vc_row][vc_column]<div id=\"ultimate-heading-680769ea2904d3b7a\" class=\"uvc-heading ult-adjust-bottom-margin ultimate-heading-680769ea2904d3b7a uvc-5444 \" data-hspacer=\"line_only\"  data-halign=\"left\" style=\"text-align:left\"><div class=\"uvc-sub-heading ult-responsive\"  data-ultimate-target='.uvc-heading.ultimate-heading-680769ea2904d3b7a .uvc-sub-heading '  data-responsive-json-new='{\"font-size\":\"desktop:12px;\",\"line-height\":\"desktop:25px;\"}'  style=\"font-family:'Lato';font-weight:normal;color:#1e73be;\">Mi Historia<\/div><div class=\"uvc-heading-spacer line_only\" style=\"topheight:1px;\"><span class=\"uvc-headings-line\" style=\"border-style:solid;border-bottom-width:1px;border-color:#ccc;width:autopx;\"><\/span><\/div><\/div><div id=\"ultimate-heading-796769ea2904d3b8f\" class=\"uvc-heading ult-adjust-bottom-margin ultimate-heading-796769ea2904d3b8f uvc-135 \" data-hspacer=\"no_spacer\"  data-halign=\"left\" style=\"text-align:left\"><div class=\"uvc-heading-spacer no_spacer\" style=\"top\"><\/div><div class=\"uvc-main-heading ult-responsive\"  data-ultimate-target='.uvc-heading.ultimate-heading-796769ea2904d3b8f h3'  data-responsive-json-new='{\"font-size\":\"\",\"line-height\":\"\"}' ><h3 style=\"font-family:'Advent Pro';font-weight:bold;color:#444444;\">Juan L\u00f3pez Spratt<\/h3><\/div><div class=\"uvc-sub-heading ult-responsive\"  data-ultimate-target='.uvc-heading.ultimate-heading-796769ea2904d3b8f .uvc-sub-heading '  data-responsive-json-new='{\"font-size\":\"desktop:14px;\",\"line-height\":\"desktop:24px;\"}'  style=\"font-family:'Average Sans';font-weight:normal;color:#8d8d8d;\"><\/p>\n<div class=\"wpb_text_column wpb_content_element \">\n<div class=\"wpb_wrapper\">\n<p>Mi nombre es Juan Lopez Spratt, soy un fot\u00f3grafo argentino que vive en Las Terrenas, Saman\u00e1, Rep\u00fablica Dominicana hace unos a\u00f1os. A lo largo de mi carrera, tanto en Argentina como en Rep\u00fablica Dominicana he cubierto eventos de primer nivel, proyectos inmobiliarios de gran envergadura y he recorrido los mejores lugares de cada pa\u00eds. Con todo esto he aprendido que lograr im\u00e1genes de alto impacto visual, que puedan transmitir de manera eficiente el mensaje que su negocio, empresa o evento necesita no es una tarea f\u00e1cil. Mi objetivo es producir fotograf\u00edas que impacten por su nivel de contenido, su composici\u00f3n \/ colores, im\u00e1genes que permanecer\u00e1n en la retina de quien las mire por mucho tiempo. Todas las im\u00e1genes obtenidas est\u00e1n tomadas utilizando los mejores equipos DSLR, objetivos espec\u00edficos para arquitectura o eventos sociales, y acabados a trav\u00e9s de un sutil post proceso cuya finalidad es presentar las im\u00e1genes de una forma natural.<\/p>\n<\/div>\n<\/div>\n<p><\/div><\/div>[\/vc_column][\/vc_row][vc_row parallax_content=&#8221;parallax_content_value&#8221; parallax_content_sense=&#8221;10&#8243; css=&#8221;.vc_custom_1474064022292{padding-top: 34px !important;padding-bottom: 73px !important;}&#8221;][vc_column width=&#8221;1\/3&#8243;]<div id=\"ultimate-heading-696369ea2904d3b9b\" class=\"uvc-heading ult-adjust-bottom-margin ultimate-heading-696369ea2904d3b9b uvc-6969 \" data-hspacer=\"no_spacer\"  data-halign=\"left\" style=\"text-align:left\"><div class=\"uvc-heading-spacer no_spacer\" style=\"top\"><\/div><div class=\"uvc-main-heading ult-responsive\"  data-ultimate-target='.uvc-heading.ultimate-heading-696369ea2904d3b9b h3'  data-responsive-json-new='{\"font-size\":\"\",\"line-height\":\"\"}' ><h3 style=\"font-family:'Advent Pro';font-weight:bold;color:#444444;\">Fotografia<\/h3><\/div><div class=\"uvc-sub-heading ult-responsive\"  data-ultimate-target='.uvc-heading.ultimate-heading-696369ea2904d3b9b .uvc-sub-heading '  data-responsive-json-new='{\"font-size\":\"desktop:14px;\",\"line-height\":\"desktop:24px;\"}'  style=\"font-family:'Average Sans';font-weight:normal;color:#8d8d8d;\">Mi objetivo como fot\u00f3grafo es la de captar emociones, momentos, sin importar si es una boda o si es un evento corporativo. Inclusive para la fotograf\u00eda culinaria siempre aporto algo diferente de lo que com\u00fanmente se hace. Mi idea es innovar manteniendo la estructura que caracteriza lo que estoy por fotografiar, ya sea una persona, un paisaje o un producto.<\/div><\/div>[\/vc_column][vc_column width=&#8221;1\/3&#8243;]<div id=\"ultimate-heading-215469ea2904d3ba4\" class=\"uvc-heading ult-adjust-bottom-margin ultimate-heading-215469ea2904d3ba4 uvc-6299 \" data-hspacer=\"no_spacer\"  data-halign=\"left\" style=\"text-align:left\"><div class=\"uvc-heading-spacer no_spacer\" style=\"top\"><\/div><div class=\"uvc-main-heading ult-responsive\"  data-ultimate-target='.uvc-heading.ultimate-heading-215469ea2904d3ba4 h3'  data-responsive-json-new='{\"font-size\":\"\",\"line-height\":\"\"}' ><h3 style=\"font-family:'Advent Pro';font-weight:bold;color:#444444;\">Video<\/h3><\/div><div class=\"uvc-sub-heading ult-responsive\"  data-ultimate-target='.uvc-heading.ultimate-heading-215469ea2904d3ba4 .uvc-sub-heading '  data-responsive-json-new='{\"font-size\":\"desktop:14px;\",\"line-height\":\"desktop:24px;\"}'  style=\"font-family:'Average Sans';font-weight:normal;color:#8d8d8d;\">El video para mi ha sido una forma de mostrar que pasa por mi cabeza cuando intento contar una historia&#8230; historia alrededor de un producto, una actividad, un lugar. Ser un realizador de videos para mi es m\u00e1s una extensi\u00f3n de mi carrera como fot\u00f3grafo. Trato de hacer lo mismo que hago con fotograf\u00eda pero traducido en cuadros por segundo =)<\/div><\/div>[\/vc_column][vc_column width=&#8221;1\/3&#8243;]<div id=\"ultimate-heading-653669ea2904d3bad\" class=\"uvc-heading ult-adjust-bottom-margin ultimate-heading-653669ea2904d3bad uvc-6468 \" data-hspacer=\"no_spacer\"  data-halign=\"left\" style=\"text-align:left\"><div class=\"uvc-heading-spacer no_spacer\" style=\"top\"><\/div><div class=\"uvc-main-heading ult-responsive\"  data-ultimate-target='.uvc-heading.ultimate-heading-653669ea2904d3bad h3'  data-responsive-json-new='{\"font-size\":\"\",\"line-height\":\"\"}' ><h3 style=\"font-family:'Advent Pro';font-weight:bold;color:#444444;\">Fotografia y Video de Bodas<\/h3><\/div><div class=\"uvc-sub-heading ult-responsive\"  data-ultimate-target='.uvc-heading.ultimate-heading-653669ea2904d3bad .uvc-sub-heading '  data-responsive-json-new='{\"font-size\":\"desktop:14px;\",\"line-height\":\"desktop:24px;\"}'  style=\"font-family:'Average Sans';font-weight:normal;color:#8d8d8d;\">Lo que me diferencia del resto de los fot\u00f3grafos de bodas, es que yo no hago fotos posadas. Con mi experiencia como fotografo deportivo y de ballet, he podido aprender a interpretar y leer las cosas antes de que sucedan. Una boda es precisamente eso, miles de emociones juntas que explotaran en cualquier momento. Eso es lo que hago, retrato esos momentos antes, durante y despu\u00e9s de que hayan sucedido.<\/div><\/div>[\/vc_column][\/vc_row][vc_row bg_type=&#8221;image&#8221; parallax_style=&#8221;vcpb-vz-jquery&#8221; bg_image_new=&#8221;id^1303|url^http:\/\/www.lopezspratt.com\/v3\/wp-content\/uploads\/2016\/09\/DJI_0364-s.jpg|caption^null|alt^null|title^Las Terrenas|description^null&#8221; bg_image_size=&#8221;initial&#8221; parallax_sense=&#8221;50&#8243; bg_override=&#8221;full&#8221; enable_overlay=&#8221;enable_overlay_value&#8221; overlay_color=&#8221;#000000&#8243; overlay_pattern=&#8221;transperant&#8221; overlay_pattern_opacity=&#8221;10&#8243; css=&#8221;.vc_custom_1474067164304{padding-top: 100px !important;padding-bottom: 72px !important;}&#8221;][vc_column width=&#8221;1\/3&#8243;][\/vc_column][vc_column width=&#8221;1\/3&#8243;]<div id=\"ultimate-heading-763369ea2904d3bb7\" class=\"uvc-heading ult-adjust-bottom-margin ultimate-heading-763369ea2904d3bb7 uvc-4364 \" data-hspacer=\"no_spacer\"  data-halign=\"center\" style=\"text-align:center\"><div class=\"uvc-heading-spacer no_spacer\" style=\"top\"><\/div><div class=\"uvc-sub-heading ult-responsive\"  data-ultimate-target='.uvc-heading.ultimate-heading-763369ea2904d3bb7 .uvc-sub-heading '  data-responsive-json-new='{\"font-size\":\"desktop:50px;\",\"line-height\":\"desktop:25px;\"}'  style=\"font-family:'Merienda One';font-weight:bold;color:#ffffff;\">MY PARADISE<\/div><\/div>[\/vc_column][vc_column width=&#8221;1\/3&#8243;][\/vc_column][\/vc_row][vc_row disable_element=&#8221;yes&#8221; css=&#8221;.vc_custom_1475164453242{padding-top: 72px !important;padding-bottom: 0px !important;}&#8221;][vc_column]<div id=\"ultimate-heading-4169ea2904d3bc1\" class=\"uvc-heading ult-adjust-bottom-margin ultimate-heading-4169ea2904d3bc1 uvc-4700 \" data-hspacer=\"line_only\"  data-halign=\"center\" style=\"text-align:center\"><div class=\"uvc-sub-heading ult-responsive\"  data-ultimate-target='.uvc-heading.ultimate-heading-4169ea2904d3bc1 .uvc-sub-heading '  data-responsive-json-new='{\"font-size\":\"desktop:20px;\",\"line-height\":\"desktop:25px;\"}'  style=\"font-family:'Amiko';font-weight:bold;color:#1e73be;\">Algunos de mis clientes<\/div><div class=\"uvc-heading-spacer line_only\" style=\"topheight:1px;\"><span class=\"uvc-headings-line\" style=\"border-style:solid;border-bottom-width:1px;border-color:#ccc;width:autopx;\"><\/span><\/div><\/div><div id=\"ult-carousel-152913550869ea2904d3d36\" class=\"ult-carousel-wrapper   ult_horizontal\" data-gutter=\"10\" data-rtl=\"false\" ><div class=\"ult-carousel-103808451369ea2904d3bcf \" >[vc_single_image image=&#8221;908&#8243; alignment=&#8221;center&#8221;][vc_single_image image=&#8221;907&#8243; alignment=&#8221;center&#8221;][vc_single_image image=&#8221;906&#8243; alignment=&#8221;center&#8221;][vc_single_image image=&#8221;966&#8243; alignment=&#8221;center&#8221;][vc_single_image image=&#8221;967&#8243; alignment=&#8221;center&#8221;][vc_single_image image=&#8221;969&#8243; alignment=&#8221;center&#8221;][vc_single_image image=&#8221;969&#8243; alignment=&#8221;center&#8221;][vc_single_image image=&#8221;970&#8243; alignment=&#8221;center&#8221;][vc_single_image image=&#8221;971&#8243; alignment=&#8221;center&#8221;][vc_single_image image=&#8221;972&#8243; alignment=&#8221;center&#8221;]<\/div><\/div>            <script type=\"text\/javascript\">\r\n\t\t\t\tjQuery(document).ready(function($){\r\n               \t\t$('.ult-carousel-103808451369ea2904d3bcf').slick({dots: false,autoplay: true,autoplaySpeed: 1000,speed: 1500,infinite: true,arrows: false,slidesToScroll:5,slidesToShow:5,swipe: true,draggable: true,touchMove: true,responsive: [\r\n\t\t\t\t\t\t\t{\r\n\t\t\t\t\t\t\t  breakpoint: 1025,\r\n\t\t\t\t\t\t\t  settings: {\r\n\t\t\t\t\t\t\t\tslidesToShow: 5,\r\n\t\t\t\t\t\t\t\tslidesToScroll: 5,  \r\n\t\t\t\t\t\t\t  }\r\n\t\t\t\t\t\t\t},\r\n\t\t\t\t\t\t\t{\r\n\t\t\t\t\t\t\t  breakpoint: 769,\r\n\t\t\t\t\t\t\t  settings: {\r\n\t\t\t\t\t\t\t\tslidesToShow: 3,\r\n\t\t\t\t\t\t\t\tslidesToScroll: 3\r\n\t\t\t\t\t\t\t  }\r\n\t\t\t\t\t\t\t},\r\n\t\t\t\t\t\t\t{\r\n\t\t\t\t\t\t\t  breakpoint: 481,\r\n\t\t\t\t\t\t\t  settings: {\r\n\t\t\t\t\t\t\t\tslidesToShow: 2,\r\n\t\t\t\t\t\t\t\tslidesToScroll: 2\r\n\t\t\t\t\t\t\t  }\r\n\t\t\t\t\t\t\t}\r\n\t\t\t\t\t\t],pauseOnHover: true,\r\n\t\t\t\t\t\tpauseOnDotsHover: true,customPaging: function(slider, i) {\r\n                   return '<i type=\"button\" style=\"color:#333333;\" class=\"ultsl-record\" data-role=\"none\"><\/i>';\r\n                },});\r\n\t\t\t\t});\r\n\t\t\t<\/script>\r\n            [\/vc_column][\/vc_row][vc_row bg_type=&#8221;bg_color&#8221; bg_override=&#8221;full&#8221; css=&#8221;.vc_custom_1474071915788{padding-top: 50px !important;padding-bottom: 50px !important;background-color: #e8e8e8 !important;background-position: center !important;background-repeat: no-repeat !important;background-size: cover !important;}&#8221; bg_color_value=&#8221;#dbdbdb&#8221;][vc_column][vc_row_inner][vc_column_inner width=&#8221;1\/3&#8243;][vc_custom_heading text=&#8221;Tecnologia&#8221; font_container=&#8221;tag:h2|text_align:center&#8221; google_fonts=&#8221;font_family:Montserrat%3Aregular%2C700|font_style:400%20regular%3A400%3Anormal&#8221;][vc_column_text]<\/p>\n<p style=\"text-align: center;\">Utilizo los mejores equipos Nikon de mercado, las opticas tope de linea Nikkor, los mas avanzados drones en existencia y cientos de diferentes herramientas para poder lograr las imagenes mas fieles a lo que mis ojos ven, procesadas en los mas poderosos equipos iMac de Apple.<\/p>\n<p>[\/vc_column_text][\/vc_column_inner][vc_column_inner width=&#8221;1\/3&#8243;][vc_custom_heading text=&#8221;Calidad&#8221; font_container=&#8221;tag:h2|text_align:center&#8221; google_fonts=&#8221;font_family:Montserrat%3Aregular%2C700|font_style:400%20regular%3A400%3Anormal&#8221;][vc_column_text]<\/p>\n<p style=\"text-align: center;\">Invierto mucho tiempo y recursos estudiando y evaluando nuevas t\u00e9cnicas, tendencias y herramientas para ofrecer a mis clientes im\u00e1genes novedosas y con mi propio estilo sin perder la escancia principal de lo que estoy fotografiando.<\/p>\n<p>[\/vc_column_text][\/vc_column_inner][vc_column_inner width=&#8221;1\/3&#8243;][vc_custom_heading text=&#8221;Seguridad&#8221; font_container=&#8221;tag:h2|text_align:center&#8221; google_fonts=&#8221;font_family:Montserrat%3Aregular%2C700|font_style:400%20regular%3A400%3Anormal&#8221;][vc_column_text]<\/p>\n<p style=\"text-align: center;\">Este es un punto en el que invierto muchos recursos y pocos son quienes dan importancia. Todo el material obtenido es almacenado en servidores Synology con mas de 80TB de espacio donde se realizan backups constantes, subidas de informaci\u00f3n a la nube, entre otros procesos.<\/p>\n<p>[\/vc_column_text][\/vc_column_inner][\/vc_row_inner][\/vc_column][\/vc_row][vc_row gap=&#8221;30&#8243; bg_type=&#8221;image&#8221; parallax_style=&#8221;vcpb-vz-jquery&#8221; bg_image_new=&#8221;id^827|url^http:\/\/www.lopezspratt.com\/v3\/wp-content\/uploads\/2015\/01\/Preview-Image-32.jpg|caption^Workdesk|alt^null|title^Workdesk|description^null&#8221; bg_override=&#8221;ex-full&#8221;][vc_column]<div class=\"ult-spacer spacer-69ea2904d3d5b\" data-id=\"69ea2904d3d5b\" data-height=\"20\" data-height-mobile=\"20\" data-height-tab=\"20\" data-height-tab-portrait=\"\" data-height-mobile-landscape=\"\" style=\"clear:both;display:block;\"><\/div>[vc_row_inner css=&#8221;.vc_custom_1474504689364{padding-top: 20px !important;padding-right: 20px !important;padding-bottom: 20px !important;padding-left: 20px !important;background-color: rgba(37,150,18,0.24) !important;*background-color: rgb(37,150,18) !important;}&#8221;][vc_column_inner width=&#8221;1\/6&#8243;]<div class=\"ult-just-icon-wrapper  \"><div class=\"align-icon\" style=\"text-align:center;\">\n<div class=\"aio-icon circle \" data-animation=\"swing\" data-animation-delay=\"03\" style=\"color:#ffffff;background:#259612;font-size:22px;display:inline-block;\">\n\t<i class=\"Defaults-check\"><\/i>\n<\/div><\/div><\/div>[\/vc_column_inner][vc_column_inner width=&#8221;5\/6&#8243;][vc_custom_heading text=&#8221;Actualmente me encuentro en Las Terrenas, Saman\u00e1, Rep\u00fablica Dominicana, teniendo total disponibilidad para viajar a lo largo y ancho del pa\u00eds para ofrecer Fotografia de Bodas. Video de Bodas. Trash The Dress. Destination Weddings.&#8221; font_container=&#8221;tag:h3|text_align:center&#8221; google_fonts=&#8221;font_family:Montserrat%3Aregular%2C700|font_style:400%20regular%3A400%3Anormal&#8221;][\/vc_column_inner][\/vc_row_inner]<div class=\"ult-spacer spacer-69ea2904d3d83\" data-id=\"69ea2904d3d83\" data-height=\"20\" data-height-mobile=\"20\" data-height-tab=\"20\" data-height-tab-portrait=\"\" data-height-mobile-landscape=\"\" style=\"clear:both;display:block;\"><\/div>[\/vc_column][\/vc_row]<\/p>\n<\/div>","protected":false},"excerpt":{"rendered":"<p>[vc_row css=&#8221;.vc_custom_1446885919779{padding-top: 20px !important;padding-bottom: 50px !important;}&#8221;][vc_column][vc_row_inner][vc_column_inner width=&#8221;2\/6&#8243;][vc_media_grid gap=&#8221;1&#8243; grid_id=&#8221;vc_gid:1491064865513-4f3c2a46-1484-5&#8243; include=&#8221;1294,1296,1297&#8243;][\/vc_column_inner][vc_column_inner width=&#8221;4\/6&#8243;][vc_gallery type=&#8221;nivo&#8221; interval=&#8221;3&#8243; images=&#8221;1582,1588,1587,1581,1583,1586&#8243; img_size=&#8221;full&#8221; onclick=&#8221;&#8221;][\/vc_column_inner][\/vc_row_inner][\/vc_column][\/vc_row][vc_row][vc_column][\/vc_column][\/vc_row][vc_row parallax_content=&#8221;parallax_content_value&#8221; parallax_content_sense=&#8221;10&#8243; css=&#8221;.vc_custom_1474064022292{padding-top: 34px !important;padding-bottom: 73px !important;}&#8221;][vc_column width=&#8221;1\/3&#8243;][\/vc_column][vc_column width=&#8221;1\/3&#8243;][\/vc_column][vc_column width=&#8221;1\/3&#8243;][\/vc_column][\/vc_row][vc_row bg_type=&#8221;image&#8221; parallax_style=&#8221;vcpb-vz-jquery&#8221; bg_image_new=&#8221;id^1303|url^http:\/\/www.lopezspratt.com\/v3\/wp-content\/uploads\/2016\/09\/DJI_0364-s.jpg|caption^null|alt^null|title^Las Terrenas|description^null&#8221; bg_image_size=&#8221;initial&#8221; parallax_sense=&#8221;50&#8243; bg_override=&#8221;full&#8221; enable_overlay=&#8221;enable_overlay_value&#8221; overlay_color=&#8221;#000000&#8243; overlay_pattern=&#8221;transperant&#8221; overlay_pattern_opacity=&#8221;10&#8243; css=&#8221;.vc_custom_1474067164304{padding-top: 100px !important;padding-bottom: 72px !important;}&#8221;][vc_column width=&#8221;1\/3&#8243;][\/vc_column][vc_column width=&#8221;1\/3&#8243;][\/vc_column][vc_column width=&#8221;1\/3&#8243;][\/vc_column][\/vc_row][vc_row disable_element=&#8221;yes&#8221; css=&#8221;.vc_custom_1475164453242{padding-top: 72px !important;padding-bottom: 0px !important;}&#8221;][vc_column][\/vc_column][\/vc_row][vc_row bg_type=&#8221;bg_color&#8221; bg_override=&#8221;full&#8221; css=&#8221;.vc_custom_1474071915788{padding-top: 50px [&hellip;]<\/p>\n","protected":false},"author":1,"featured_media":0,"parent":0,"menu_order":0,"comment_status":"closed","ping_status":"closed","template":"","meta":{"footnotes":""},"class_list":["post-1221","page","type-page","status-publish","hentry"],"_links":{"self":[{"href":"http:\/\/www.lopezspratt.com\/v3\/wp-json\/wp\/v2\/pages\/1221","targetHints":{"allow":["GET"]}}],"collection":[{"href":"http:\/\/www.lopezspratt.com\/v3\/wp-json\/wp\/v2\/pages"}],"about":[{"href":"http:\/\/www.lopezspratt.com\/v3\/wp-json\/wp\/v2\/types\/page"}],"author":[{"embeddable":true,"href":"http:\/\/www.lopezspratt.com\/v3\/wp-json\/wp\/v2\/users\/1"}],"replies":[{"embeddable":true,"href":"http:\/\/www.lopezspratt.com\/v3\/wp-json\/wp\/v2\/comments?post=1221"}],"version-history":[{"count":1,"href":"http:\/\/www.lopezspratt.com\/v3\/wp-json\/wp\/v2\/pages\/1221\/revisions"}],"predecessor-version":[{"id":13678,"href":"http:\/\/www.lopezspratt.com\/v3\/wp-json\/wp\/v2\/pages\/1221\/revisions\/13678"}],"wp:attachment":[{"href":"http:\/\/www.lopezspratt.com\/v3\/wp-json\/wp\/v2\/media?parent=1221"}],"curies":[{"name":"wp","href":"https:\/\/api.w.org\/{rel}","templated":true}]}}