{"id":1351,"date":"2016-09-17T15:30:10","date_gmt":"2016-09-17T15:30:10","guid":{"rendered":"http:\/\/www.lopezspratt.com\/v3\/?page_id=1351"},"modified":"2016-11-18T03:41:58","modified_gmt":"2016-11-18T03:41:58","slug":"fotografia-de-interiores","status":"publish","type":"page","link":"http:\/\/www.lopezspratt.com\/v3\/fotografia-de-interiores\/","title":{"rendered":"Fotografia de Interiores"},"content":{"rendered":"<div class=\"wpb-content-wrapper\"><p>[vc_row][vc_column][\/vc_column][\/vc_row][vc_row gap=&#8221;35&#8243;][vc_column width=&#8221;1\/2&#8243;][vc_row_inner content_placement=&#8221;middle&#8221;][vc_column_inner][vc_separator]<div id=\"ultimate-heading-369769ea241a8bc15\" class=\"uvc-heading ult-adjust-bottom-margin ultimate-heading-369769ea241a8bc15 uvc-5347 \" data-hspacer=\"no_spacer\"  data-halign=\"left\" style=\"text-align:left\"><div class=\"uvc-heading-spacer no_spacer\" style=\"top\"><\/div><div class=\"uvc-main-heading ult-responsive\"  data-ultimate-target='.uvc-heading.ultimate-heading-369769ea241a8bc15 h3'  data-responsive-json-new='{\"font-size\":\"\",\"line-height\":\"\"}' ><h3 style=\"font-family:'Advent Pro';font-weight:bold;color:rgba(141,141,141,0.7);\">FOTOGRAFIA DE INTERIORES<\/h3><\/div><div class=\"uvc-sub-heading ult-responsive\"  data-ultimate-target='.uvc-heading.ultimate-heading-369769ea241a8bc15 .uvc-sub-heading '  data-responsive-json-new='{\"font-size\":\"desktop:14px;\",\"line-height\":\"desktop:24px;\"}'  style=\"font-family:'Average Sans';font-weight:normal;color:#8d8d8d;\"><\/p>\n<div class=\"wpb_text_column wpb_content_element \">\n<div class=\"wpb_wrapper\">\n<p>Hoy en d\u00eda la mayor\u00eda de las decisiones se toman frente a una computadora, y sabemos que las im\u00e1genes son de gran importancia cuando buscamos un determinado producto en el mercado. Ya sea para comprar una casa de lujo o reservar una noche en un hotel, una fotograf\u00eda de alta calidad, que permita resaltar las caracter\u00edsticas del producto, es la herramienta de mayor importancia para motivar la decisi\u00f3n final del cliente, y seguramente es la manera m\u00e1s incisiva para diferenciarse del resto y contar con gran ventaja sobre la competencia. Es por ello, que como fot\u00f3grafo de interiores trato de mostrar los mejores aspectos fotograficos de la unidad.<\/p>\n<p>Presentar un producto\/ proyecto\/ villa a trav\u00e9s de una sesi\u00f3n fotogr\u00e1fica profesional significa\u00a0 captar r\u00e1pidamente la atenci\u00f3n de muchos clientes potenciales, y esto s\u00f3lo puede significar aumento de las ventas y en el target de la empresa.<\/p>\n<p>Mis servicios de <strong>fotograf\u00eda profesional de arquitectura e interiores<\/strong> est\u00e1n dirigidos a agencias inmobiliarias, promotoras, estudios de arquitectura y dise\u00f1o de interiores, a particulares, y todos aquellos que necesiten mostrarse con calidad y buen gusto.<\/p>\n<p>Mi experiencia en el sector me permite conocer de antemano las reales necesidades del cliente, y proporcionar unas im\u00e1genes de gran utilidad para la promoci\u00f3n de la vivienda en todos los medios y a todos los niveles.<\/p>\n<p>El principio fundamental de mi trabajo se basa en la comunicaci\u00f3n. Esto es, comunicar a trav\u00e9s de la visi\u00f3n pero de forma art\u00edstica, poniendo en esta tarea el tiempo, el conocimiento y la tecnolog\u00eda adecuada a cada situaci\u00f3n.<\/p>\n<p>&nbsp;<\/p>\n<\/div>\n<\/div>\n<p><\/div><\/div><div class=\"ult-spacer spacer-69ea241a8bc2a\" data-id=\"69ea241a8bc2a\" data-height=\"19\" data-height-mobile=\"19\" data-height-tab=\"19\" data-height-tab-portrait=\"\" data-height-mobile-landscape=\"\" style=\"clear:both;display:block;\"><\/div><div id=\"ultimate-heading-824269ea241a8bc7d\" class=\"uvc-heading ult-adjust-bottom-margin ultimate-heading-824269ea241a8bc7d uvc-1069 \" data-hspacer=\"line_with_icon\" data-hline_width=\"auto\" data-hicon_type=\"selector\" data-hborder_style=\"solid\" data-hborder_height=\"1\" data-hborder_color=\"#e0e0e0\" data-icon_width=\"22\" data-hfixer=\"10\"  data-halign=\"center\" style=\"text-align:center\"><div class=\"uvc-heading-spacer line_with_icon\" style=\"topheight:22px;\"><div class=\"ult-just-icon-wrapper  \"><div class=\"align-icon\" style=\"text-align:center;\">\n<div class=\"aio-icon none \"  style=\"font-size:22px;display:inline-block;\">\n\t<i class=\"Defaults-building\"><\/i>\n<\/div><\/div><\/div><\/div><\/div>[\/vc_column_inner][\/vc_row_inner][\/vc_column][vc_column width=&#8221;1\/2&#8243;][vc_row_inner][vc_column_inner][vc_gallery type=&#8221;nivo&#8221; interval=&#8221;3&#8243; images=&#8221;3415,3420,3418,3419,3421,3463,3452,3464&#8243; img_size=&#8221;full&#8221; onclick=&#8221;&#8221;][\/vc_column_inner][\/vc_row_inner][\/vc_column][\/vc_row][vc_row bg_type=&#8221;image&#8221; parallax_style=&#8221;vcpb-vz-jquery&#8221; bg_image_new=&#8221;id^3476|url^http:\/\/www.lopezspratt.com\/v3\/wp-content\/uploads\/2016\/09\/arquitectura.jpg|caption^null|alt^null|title^Aman|description^null&#8221; bg_image_repeat=&#8221;no-repeat&#8221; bg_image_size=&#8221;initial&#8221; parallax_sense=&#8221;50&#8243; bg_override=&#8221;full&#8221; enable_overlay=&#8221;enable_overlay_value&#8221; overlay_color=&#8221;#000000&#8243; overlay_pattern=&#8221;transperant&#8221; overlay_pattern_opacity=&#8221;10&#8243; css=&#8221;.vc_custom_1475946995295{padding-top: 100px !important;padding-bottom: 72px !important;}&#8221;][vc_column width=&#8221;1\/3&#8243;][\/vc_column][vc_column width=&#8221;1\/3&#8243;][vc_empty_space height=&#8221;25px&#8221;][\/vc_column][vc_column width=&#8221;1\/3&#8243;][\/vc_column][\/vc_row][vc_row parallax_content=&#8221;parallax_content_value&#8221; parallax_content_sense=&#8221;10&#8243; css=&#8221;.vc_custom_1474392420354{padding-top: 24px !important;}&#8221;][vc_column width=&#8221;1\/3&#8243;][vc_separator]<div id=\"ultimate-heading-549069ea241a8bc8b\" class=\"uvc-heading ult-adjust-bottom-margin ultimate-heading-549069ea241a8bc8b uvc-8374 \" data-hspacer=\"no_spacer\"  data-halign=\"left\" style=\"text-align:left\"><div class=\"uvc-heading-spacer no_spacer\" style=\"top\"><\/div><div class=\"uvc-main-heading ult-responsive\"  data-ultimate-target='.uvc-heading.ultimate-heading-549069ea241a8bc8b h3'  data-responsive-json-new='{\"font-size\":\"\",\"line-height\":\"\"}' ><h3 style=\"font-family:'Advent Pro';font-weight:bold;color:rgba(141,141,141,0.7);\">FOTOGRAFIA DE HOTELES<\/h3><\/div><div class=\"uvc-sub-heading ult-responsive\"  data-ultimate-target='.uvc-heading.ultimate-heading-549069ea241a8bc8b .uvc-sub-heading '  data-responsive-json-new='{\"font-size\":\"desktop:14px;\",\"line-height\":\"desktop:24px;\"}'  style=\"font-family:'Average Sans';font-weight:normal;color:#8d8d8d;\"><\/p>\n<div class=\"wpb_text_column wpb_content_element \"><\/div>\n<p><\/div><\/div>[vc_gallery type=&#8221;nivo&#8221; interval=&#8221;3&#8243; images=&#8221;3453,3460,3464,3448,3463,3456,3465,3454,3455,3452&#8243; img_size=&#8221;full&#8221; onclick=&#8221;&#8221;][\/vc_column][vc_column width=&#8221;1\/3&#8243;][vc_separator]<div id=\"ultimate-heading-916469ea241a8bc95\" class=\"uvc-heading ult-adjust-bottom-margin ultimate-heading-916469ea241a8bc95 uvc-1131 \" data-hspacer=\"no_spacer\"  data-halign=\"left\" style=\"text-align:left\"><div class=\"uvc-heading-spacer no_spacer\" style=\"top\"><\/div><div class=\"uvc-main-heading ult-responsive\"  data-ultimate-target='.uvc-heading.ultimate-heading-916469ea241a8bc95 h3'  data-responsive-json-new='{\"font-size\":\"\",\"line-height\":\"\"}' ><h3 style=\"font-family:'Advent Pro';font-weight:bold;color:rgba(141,141,141,0.7);\">FOTOGRAFIA DE APARTAMENTOS<\/h3><\/div><div class=\"uvc-sub-heading ult-responsive\"  data-ultimate-target='.uvc-heading.ultimate-heading-916469ea241a8bc95 .uvc-sub-heading '  data-responsive-json-new='{\"font-size\":\"desktop:14px;\",\"line-height\":\"desktop:24px;\"}'  style=\"font-family:'Average Sans';font-weight:normal;color:#8d8d8d;\"><\/p>\n<div class=\"wpb_text_column wpb_content_element \"><\/div>\n<p><\/div><\/div>[vc_gallery type=&#8221;nivo&#8221; interval=&#8221;3&#8243; images=&#8221;3427,3428,3423,3424,3426,3430,3425,3429&#8243; img_size=&#8221;full&#8221; onclick=&#8221;&#8221;][\/vc_column][vc_column width=&#8221;1\/3&#8243;][vc_separator]<div id=\"ultimate-heading-908569ea241a8bc9d\" class=\"uvc-heading ult-adjust-bottom-margin ultimate-heading-908569ea241a8bc9d uvc-165 \" data-hspacer=\"no_spacer\"  data-halign=\"left\" style=\"text-align:left\"><div class=\"uvc-heading-spacer no_spacer\" style=\"top\"><\/div><div class=\"uvc-main-heading ult-responsive\"  data-ultimate-target='.uvc-heading.ultimate-heading-908569ea241a8bc9d h3'  data-responsive-json-new='{\"font-size\":\"\",\"line-height\":\"\"}' ><h3 style=\"font-family:'Advent Pro';font-weight:bold;color:rgba(141,141,141,0.7);\">FOTOGRAFIA DE VILLAS<\/h3><\/div><div class=\"uvc-sub-heading ult-responsive\"  data-ultimate-target='.uvc-heading.ultimate-heading-908569ea241a8bc9d .uvc-sub-heading '  data-responsive-json-new='{\"font-size\":\"desktop:14px;\",\"line-height\":\"desktop:24px;\"}'  style=\"font-family:'Average Sans';font-weight:normal;color:#8d8d8d;\"><\/p>\n<div class=\"wpb_text_column wpb_content_element \"><\/div>\n<p><\/div><\/div>[vc_gallery type=&#8221;nivo&#8221; interval=&#8221;3&#8243; images=&#8221;3419,3431,3438,3432,3442,3434,3440,3441&#8243; img_size=&#8221;full&#8221; onclick=&#8221;&#8221;][\/vc_column][\/vc_row][vc_row gap=&#8221;30&#8243; bg_type=&#8221;bg_color&#8221; css=&#8221;.vc_custom_1474469559458{margin-right: 5px !important;margin-left: 5px !important;padding-top: 50px !important;padding-bottom: 50px !important;background-position: center !important;background-repeat: no-repeat !important;background-size: cover !important;}&#8221; bg_color_value=&#8221;rgba(184,184,184,0.57)&#8221;][vc_column][vc_row_inner][vc_column_inner width=&#8221;1\/3&#8243;][vc_custom_heading text=&#8221;FOTOGRAFIA DE HOTELES&#8221; font_container=&#8221;tag:h3|font_size:22|text_align:center&#8221; google_fonts=&#8221;font_family:Montserrat%3Aregular%2C700|font_style:400%20regular%3A400%3Anormal&#8221;][vc_column_text]<\/p>\n<p style=\"text-align: center;\">He tenido la suerte de poder trabajar en los hoteles mas exclusivos del pa\u00eds como por ejemplo Sublime Samana, Amanera by Aman, Balcones del Atlantico, Puerto Bahia, Playa Grande, El Portillo Beach Club &amp; Spa, Al Sol Cap Cana, entre muchos otros.<\/p>\n<p>[\/vc_column_text][\/vc_column_inner][vc_column_inner width=&#8221;1\/3&#8243;][vc_custom_heading text=&#8221;FOTOGRAFIA DE APARTAMENTOS&#8221; font_container=&#8221;tag:h3|font_size:22|text_align:center&#8221; google_fonts=&#8221;font_family:Montserrat%3Aregular%2C700|font_style:400%20regular%3A400%3Anormal&#8221;][vc_column_text]<\/p>\n<p style=\"text-align: center;\">He trabajado tanto para grandes constructoras, modernas torres, complejos de apartamentos lujosos como tambi\u00e9n para particulares en muchos destinos como Punta Cana, Cap Cana, Samana, Las Terrenas, Santo Domingo. Algunos de mis clientes han sido: Playa Bonita Residences, Balcones del Atlantico, El Portillo Beach Club &amp; Spa, Aligio, Constructora Bisono, entre otros.<\/p>\n<p>[\/vc_column_text][\/vc_column_inner][vc_column_inner width=&#8221;1\/3&#8243;][vc_custom_heading text=&#8221;FOTOGRAFIA DE VILLAS&#8221; font_container=&#8221;tag:h3|font_size:22|text_align:center&#8221; google_fonts=&#8221;font_family:Montserrat%3Aregular%2C700|font_style:400%20regular%3A400%3Anormal&#8221;][vc_column_text]<\/p>\n<p style=\"text-align: center;\">He recorrido mucho el pa\u00eds haciendo fotografia de las villas mas lujosas en Punta Cana, Casa de Campo, Los Nomadas, Loma Bonita, \u00a0etc. Algunas villas como Villa Ribera Mar, MD House, Casa Phil, Villa del Mar, Amanera Villas entre muchas otras.<\/p>\n<p>[\/vc_column_text][\/vc_column_inner][\/vc_row_inner][\/vc_column][\/vc_row][vc_row gap=&#8221;30&#8243; equal_height=&#8221;yes&#8221; content_placement=&#8221;middle&#8221;][vc_column width=&#8221;1\/2&#8243;][vc_video link=&#8221;https:\/\/www.youtube.com\/watch?v=7onyvHuvw9U&#8221; align=&#8221;center&#8221;][\/vc_column][vc_column width=&#8221;1\/2&#8243;][vc_separator]<div id=\"ultimate-heading-714369ea241a8bca7\" class=\"uvc-heading ult-adjust-bottom-margin ultimate-heading-714369ea241a8bca7 uvc-8015 \" data-hspacer=\"no_spacer\"  data-halign=\"left\" style=\"text-align:left\"><div class=\"uvc-heading-spacer no_spacer\" style=\"top\"><\/div><div class=\"uvc-main-heading ult-responsive\"  data-ultimate-target='.uvc-heading.ultimate-heading-714369ea241a8bca7 h3'  data-responsive-json-new='{\"font-size\":\"\",\"line-height\":\"\"}' ><h3 style=\"font-family:'Advent Pro';font-weight:bold;color:rgba(141,141,141,0.7);\">VIDEO DE INMUEBLES<\/h3><\/div><div class=\"uvc-sub-heading ult-responsive\"  data-ultimate-target='.uvc-heading.ultimate-heading-714369ea241a8bca7 .uvc-sub-heading '  data-responsive-json-new='{\"font-size\":\"desktop:14px;\",\"line-height\":\"desktop:24px;\"}'  style=\"font-family:'Average Sans';font-weight:normal;color:#8d8d8d;\"><\/p>\n<div class=\"wpb_text_column wpb_content_element \">\n<div class=\"wpb_wrapper\">\n<p>Mi objetivo como videografo de inmuebles es la de contar historias detr\u00e1s del producto que estamos vendiendo o alquilando y no solo mostrar las caracter\u00edsticas principales de la unidad o complejo.\u00a0Para lograr un video impactante donde podamos resaltar el inmueble es necesario utilizar diferentes t\u00e9cnicas que, relacionadas con la historia, lograran una experiencia inolvidable. Siempre trato de resaltar el lifestyle de la zona o complejo, lugares cercanos, la belleza natural del escenario donde se encuentra y por supuesto las diferentes actividades que puedan realizarse en la zona. Absolutamente todos los proyectos que llevo por delante son el resultado de un estudio a fondo de lo que el cliente quiere mostrar con una pizca de &#8220;a mi manera&#8221; =)<\/p>\n<p>Para ver mas trabajos de video de interiores sigue <strong>el siguiente link.<\/strong><\/p>\n<\/div>\n<\/div>\n<p><\/div><\/div>[\/vc_column][\/vc_row][vc_row gap=&#8221;30&#8243; bg_type=&#8221;image&#8221; parallax_style=&#8221;vcpb-vz-jquery&#8221; bg_image_new=&#8221;id^827|url^http:\/\/www.lopezspratt.com\/v3\/wp-content\/uploads\/2015\/01\/Preview-Image-32.jpg|caption^null|alt^null|title^Fotografo de Bodas Las Terrenas|description^null&#8221; bg_override=&#8221;ex-full&#8221;][vc_column]<div class=\"ult-spacer spacer-69ea241a8bcac\" data-id=\"69ea241a8bcac\" data-height=\"20\" data-height-mobile=\"20\" data-height-tab=\"20\" data-height-tab-portrait=\"\" data-height-mobile-landscape=\"\" style=\"clear:both;display:block;\"><\/div>[vc_row_inner css=&#8221;.vc_custom_1474504689364{padding-top: 20px !important;padding-right: 20px !important;padding-bottom: 20px !important;padding-left: 20px !important;background-color: rgba(37,150,18,0.24) !important;*background-color: rgb(37,150,18) !important;}&#8221;][vc_column_inner width=&#8221;1\/6&#8243;]<div class=\"ult-just-icon-wrapper  \"><div class=\"align-icon\" style=\"text-align:center;\">\n<div class=\"aio-icon circle \" data-animation=\"swing\" data-animation-delay=\"03\" style=\"color:#ffffff;background:#259612;font-size:22px;display:inline-block;\">\n\t<i class=\"Defaults-check\"><\/i>\n<\/div><\/div><\/div>[\/vc_column_inner][vc_column_inner width=&#8221;5\/6&#8243;][vc_custom_heading text=&#8221;Actualmente me encuentro en Las Terrenas, Saman\u00e1, Rep\u00fablica Dominicana, teniendo total disponibilidad para viajar a lo largo y ancho del pa\u00eds para ofrecer Fotografia de Interiores. Fotografia de Apartamentos. Fotografia de Hoteles. Video de Inmuebles.&#8221; font_container=&#8221;tag:h3|text_align:center&#8221; google_fonts=&#8221;font_family:Montserrat%3Aregular%2C700|font_style:400%20regular%3A400%3Anormal&#8221;][\/vc_column_inner][\/vc_row_inner]<div class=\"ult-spacer spacer-69ea241a8bcbb\" data-id=\"69ea241a8bcbb\" data-height=\"20\" data-height-mobile=\"20\" data-height-tab=\"20\" data-height-tab-portrait=\"\" data-height-mobile-landscape=\"\" style=\"clear:both;display:block;\"><\/div>[\/vc_column][\/vc_row][vc_row][vc_column][\/vc_column][\/vc_row][vc_row][vc_column][\/vc_column][\/vc_row]<\/p>\n<\/div>","protected":false},"excerpt":{"rendered":"<p>[vc_row][vc_column][\/vc_column][\/vc_row][vc_row gap=&#8221;35&#8243;][vc_column width=&#8221;1\/2&#8243;][vc_row_inner content_placement=&#8221;middle&#8221;][vc_column_inner][vc_separator][\/vc_column_inner][\/vc_row_inner][\/vc_column][vc_column width=&#8221;1\/2&#8243;][vc_row_inner][vc_column_inner][vc_gallery type=&#8221;nivo&#8221; interval=&#8221;3&#8243; images=&#8221;3415,3420,3418,3419,3421,3463,3452,3464&#8243; img_size=&#8221;full&#8221; onclick=&#8221;&#8221;][\/vc_column_inner][\/vc_row_inner][\/vc_column][\/vc_row][vc_row bg_type=&#8221;image&#8221; parallax_style=&#8221;vcpb-vz-jquery&#8221; bg_image_new=&#8221;id^3476|url^http:\/\/www.lopezspratt.com\/v3\/wp-content\/uploads\/2016\/09\/arquitectura.jpg|caption^null|alt^null|title^Aman|description^null&#8221; bg_image_repeat=&#8221;no-repeat&#8221; bg_image_size=&#8221;initial&#8221; parallax_sense=&#8221;50&#8243; bg_override=&#8221;full&#8221; enable_overlay=&#8221;enable_overlay_value&#8221; overlay_color=&#8221;#000000&#8243; overlay_pattern=&#8221;transperant&#8221; overlay_pattern_opacity=&#8221;10&#8243; css=&#8221;.vc_custom_1475946995295{padding-top: 100px !important;padding-bottom: 72px !important;}&#8221;][vc_column width=&#8221;1\/3&#8243;][\/vc_column][vc_column width=&#8221;1\/3&#8243;][vc_empty_space height=&#8221;25px&#8221;][\/vc_column][vc_column width=&#8221;1\/3&#8243;][\/vc_column][\/vc_row][vc_row parallax_content=&#8221;parallax_content_value&#8221; parallax_content_sense=&#8221;10&#8243; css=&#8221;.vc_custom_1474392420354{padding-top: 24px !important;}&#8221;][vc_column width=&#8221;1\/3&#8243;][vc_separator][vc_gallery type=&#8221;nivo&#8221; interval=&#8221;3&#8243; images=&#8221;3453,3460,3464,3448,3463,3456,3465,3454,3455,3452&#8243; img_size=&#8221;full&#8221; onclick=&#8221;&#8221;][\/vc_column][vc_column width=&#8221;1\/3&#8243;][vc_separator][vc_gallery type=&#8221;nivo&#8221; interval=&#8221;3&#8243; images=&#8221;3427,3428,3423,3424,3426,3430,3425,3429&#8243; img_size=&#8221;full&#8221; onclick=&#8221;&#8221;][\/vc_column][vc_column width=&#8221;1\/3&#8243;][vc_separator][vc_gallery type=&#8221;nivo&#8221; interval=&#8221;3&#8243; images=&#8221;3419,3431,3438,3432,3442,3434,3440,3441&#8243; img_size=&#8221;full&#8221; onclick=&#8221;&#8221;][\/vc_column][\/vc_row][vc_row gap=&#8221;30&#8243; bg_type=&#8221;bg_color&#8221; [&hellip;]<\/p>\n","protected":false},"author":1,"featured_media":0,"parent":0,"menu_order":0,"comment_status":"closed","ping_status":"closed","template":"","meta":{"footnotes":""},"class_list":["post-1351","page","type-page","status-publish","hentry"],"_links":{"self":[{"href":"http:\/\/www.lopezspratt.com\/v3\/wp-json\/wp\/v2\/pages\/1351","targetHints":{"allow":["GET"]}}],"collection":[{"href":"http:\/\/www.lopezspratt.com\/v3\/wp-json\/wp\/v2\/pages"}],"about":[{"href":"http:\/\/www.lopezspratt.com\/v3\/wp-json\/wp\/v2\/types\/page"}],"author":[{"embeddable":true,"href":"http:\/\/www.lopezspratt.com\/v3\/wp-json\/wp\/v2\/users\/1"}],"replies":[{"embeddable":true,"href":"http:\/\/www.lopezspratt.com\/v3\/wp-json\/wp\/v2\/comments?post=1351"}],"version-history":[{"count":1,"href":"http:\/\/www.lopezspratt.com\/v3\/wp-json\/wp\/v2\/pages\/1351\/revisions"}],"predecessor-version":[{"id":13453,"href":"http:\/\/www.lopezspratt.com\/v3\/wp-json\/wp\/v2\/pages\/1351\/revisions\/13453"}],"wp:attachment":[{"href":"http:\/\/www.lopezspratt.com\/v3\/wp-json\/wp\/v2\/media?parent=1351"}],"curies":[{"name":"wp","href":"https:\/\/api.w.org\/{rel}","templated":true}]}}