{"id":1520,"date":"2016-09-27T02:20:36","date_gmt":"2016-09-27T02:20:36","guid":{"rendered":"http:\/\/www.lopezspratt.com\/v3\/?page_id=1520"},"modified":"2016-10-10T21:43:41","modified_gmt":"2016-10-10T21:43:41","slug":"fotografia-de-eventos","status":"publish","type":"page","link":"http:\/\/www.lopezspratt.com\/v3\/fotografia-de-eventos\/","title":{"rendered":"Fotografia de Eventos"},"content":{"rendered":"<div class=\"wpb-content-wrapper\"><p>[vc_row][vc_column][\/vc_column][\/vc_row][vc_row gap=&#8221;35&#8243; content_placement=&#8221;middle&#8221;][vc_column width=&#8221;1\/2&#8243;][vc_row_inner][vc_column_inner][vc_separator]<div id=\"ultimate-heading-652469ea2904d207d\" class=\"uvc-heading ult-adjust-bottom-margin ultimate-heading-652469ea2904d207d uvc-4550 \" data-hspacer=\"no_spacer\"  data-halign=\"left\" style=\"text-align:left\"><div class=\"uvc-heading-spacer no_spacer\" style=\"top\"><\/div><div class=\"uvc-main-heading ult-responsive\"  data-ultimate-target='.uvc-heading.ultimate-heading-652469ea2904d207d h3'  data-responsive-json-new='{\"font-size\":\"\",\"line-height\":\"\"}' ><h3 style=\"font-family:'Advent Pro';font-weight:bold;color:rgba(141,141,141,0.7);\">FOTOGRAFIA DE EVENTOS<\/h3><\/div><div class=\"uvc-sub-heading ult-responsive\"  data-ultimate-target='.uvc-heading.ultimate-heading-652469ea2904d207d .uvc-sub-heading '  data-responsive-json-new='{\"font-size\":\"desktop:14px;\",\"line-height\":\"desktop:24px;\"}'  style=\"font-family:'Average Sans';font-weight:normal;color:#8d8d8d;\"><\/p>\n<div class=\"wpb_text_column wpb_content_element \">\n<div class=\"wpb_wrapper\">\n<p>Cada empresa tiene sus propias caracter\u00edsticas \u00fanicas por lo que necesitan un perfil distinto en cuanto a su im\u00e1gen. La visualizaci\u00f3n de este perfil corporativo requiere de una creatividad \u00fanica y una amplia experiencia en el rubro. A diferencia del grueso de los fot\u00f3grafos \u201csocialeros\u201d o \u201cfotoperiodistas\u201d las im\u00e1genes que busco obtener tienen un encuadre que roza lo art\u00edstico para que esas fotograf\u00edas cuenten con contenido y cuenten por si solas lo ocurrido en el momento. He podido ayudar con \u00e9xito a mis clientes con algunas tareas de fotograf\u00edas de eventos, sociales, retratos a\u00a0ejecutivos, fotograf\u00eda editorial, etc.<\/p>\n<p>Durante mi carrera he cubierto distintos tipos de conciertos en el Teatro Col\u00f3n y el Teatro Coliseo, eventos al aire libre (ej. Bicentenario de la Rep\u00fablica Argentina, Fuerza Bruta), fotograf\u00eda deportiva (Club Atletico River Plate), entre much\u00edsimos otros.<\/p>\n<\/div>\n<\/div>\n<p><\/div><\/div><div class=\"ult-spacer spacer-69ea2904d2093\" data-id=\"69ea2904d2093\" data-height=\"19\" data-height-mobile=\"19\" data-height-tab=\"19\" data-height-tab-portrait=\"\" data-height-mobile-landscape=\"\" style=\"clear:both;display:block;\"><\/div><div id=\"ultimate-heading-485169ea2904d20ef\" class=\"uvc-heading ult-adjust-bottom-margin ultimate-heading-485169ea2904d20ef uvc-3196 \" data-hspacer=\"line_with_icon\" data-hline_width=\"auto\" data-hicon_type=\"selector\" data-hborder_style=\"solid\" data-hborder_height=\"1\" data-hborder_color=\"#e0e0e0\" data-icon_width=\"28\" data-hfixer=\"10\"  data-halign=\"center\" style=\"text-align:center\"><div class=\"uvc-heading-spacer line_with_icon\" style=\"topheight:28px;\"><div class=\"ult-just-icon-wrapper  \"><div class=\"align-icon\" style=\"text-align:center;\">\n<div class=\"aio-icon none \"  style=\"font-size:28px;display:inline-block;\">\n\t<i class=\"Defaults-group users\"><\/i>\n<\/div><\/div><\/div><\/div><\/div>[\/vc_column_inner][\/vc_row_inner][\/vc_column][vc_column width=&#8221;1\/2&#8243;][vc_row_inner][vc_column_inner][vc_gallery type=&#8221;nivo&#8221; interval=&#8221;3&#8243; images=&#8221;3501,3521,3504,3505,3502,3512,3503,3506,3508,3507,3509,3510,3511,3513,3520,3517,3518,3519,3292&#8243; img_size=&#8221;full&#8221; onclick=&#8221;&#8221;][\/vc_column_inner][\/vc_row_inner][\/vc_column][\/vc_row][vc_row bg_type=&#8221;image&#8221; parallax_style=&#8221;vcpb-vz-jquery&#8221; bg_image_new=&#8221;id^3516|url^http:\/\/www.lopezspratt.com\/v3\/wp-content\/uploads\/2016\/09\/eventos-down.jpg|caption^null|alt^null|title^playa grande aman|description^null&#8221; bg_image_repeat=&#8221;no-repeat&#8221; bg_image_size=&#8221;initial&#8221; parallax_sense=&#8221;50&#8243; bg_override=&#8221;full&#8221; enable_overlay=&#8221;enable_overlay_value&#8221; overlay_color=&#8221;#000000&#8243; overlay_pattern=&#8221;transperant&#8221; overlay_pattern_opacity=&#8221;10&#8243; css=&#8221;.vc_custom_1476114137980{padding-top: 100px !important;padding-bottom: 72px !important;}&#8221;][vc_column width=&#8221;1\/3&#8243;][\/vc_column][vc_column width=&#8221;1\/3&#8243;][vc_empty_space][\/vc_column][vc_column width=&#8221;1\/3&#8243;][\/vc_column][\/vc_row][vc_row][vc_column][vc_row_inner gap=&#8221;30&#8243;][vc_column_inner width=&#8221;1\/6&#8243;][\/vc_column_inner][vc_column_inner width=&#8221;4\/6&#8243;][vc_message icon_fontawesome=&#8221;fa fa-plane&#8221; css_animation=&#8221;appear&#8221;]<\/p>\n<p style=\"text-align: center;\">Si bien soy un fotografo en Las Terrenas, tengo total disponibilidad para viajar tanto dentro como fuera de Rep\u00fablica Dominicana para realizar fotografia de eventos corporativos.<\/p>\n<p>[\/vc_message][\/vc_column_inner][vc_column_inner width=&#8221;1\/6&#8243;][\/vc_column_inner][\/vc_row_inner][\/vc_column][\/vc_row][vc_row gap=&#8221;30&#8243; equal_height=&#8221;yes&#8221; content_placement=&#8221;middle&#8221;][vc_column width=&#8221;1\/2&#8243;][vc_video link=&#8221;https:\/\/www.youtube.com\/watch?v=GPwDtb4hqFw&#8221;][\/vc_column][vc_column width=&#8221;1\/2&#8243;][vc_separator]<div id=\"ultimate-heading-745469ea2904d2100\" class=\"uvc-heading ult-adjust-bottom-margin ultimate-heading-745469ea2904d2100 uvc-6083 \" data-hspacer=\"no_spacer\"  data-halign=\"left\" style=\"text-align:left\"><div class=\"uvc-heading-spacer no_spacer\" style=\"top\"><\/div><div class=\"uvc-main-heading ult-responsive\"  data-ultimate-target='.uvc-heading.ultimate-heading-745469ea2904d2100 h3'  data-responsive-json-new='{\"font-size\":\"\",\"line-height\":\"\"}' ><h3 style=\"font-family:'Advent Pro';font-weight:bold;color:rgba(141,141,141,0.7);\">VIDEO DE EVENTOS<\/h3><\/div><div class=\"uvc-sub-heading ult-responsive\"  data-ultimate-target='.uvc-heading.ultimate-heading-745469ea2904d2100 .uvc-sub-heading '  data-responsive-json-new='{\"font-size\":\"desktop:14px;\",\"line-height\":\"desktop:24px;\"}'  style=\"font-family:'Average Sans';font-weight:normal;color:#8d8d8d;\"><\/p>\n<div class=\"wpb_text_column wpb_content_element \">\n<div class=\"wpb_wrapper\">\n<p>Existen eventos que merecen ser recordados, ya sea una competici\u00f3n, un concierto o un congreso. Yo pongo mi\u00a0equipo profesional a su\u00a0disposici\u00f3n para realizar un material audiovisual que puedas promocionar o distribuir.<\/p>\n<p>Dicen que <strong>\u201cuna imagen vale m\u00e1s que mil palabras\u201d<\/strong> y, si esta imagen est\u00e1 en movimiento y puede contar todo lo que su evento tiene que ofrecer, no tiene precio. El auge del v\u00eddeo, unido a su gran capacidad de captaci\u00f3n y su fuerte impulso en redes sociales, hacen de esta herramienta una de las m\u00e1s \u00fatiles a la hora de promocionar y dar a conocer nuestro <strong>evento<\/strong>.<\/p>\n<p>Para ver m\u00e1s sobre mi trabajo de <strong><a href=\"http:\/\/www.lopezspratt.com\/v3\/video\/\">Video de Eventos\u00a0sigue el link<\/a><\/strong>.<\/p>\n<\/div>\n<\/div>\n<p><\/div><\/div>[\/vc_column][\/vc_row][vc_row gap=&#8221;30&#8243; bg_type=&#8221;image&#8221; parallax_style=&#8221;vcpb-vz-jquery&#8221; bg_image_new=&#8221;id^827|url^http:\/\/www.lopezspratt.com\/v3\/wp-content\/uploads\/2015\/01\/Preview-Image-32.jpg|caption^null|alt^null|title^Fotografo de Bodas Las Terrenas|description^null&#8221; bg_override=&#8221;ex-full&#8221;][vc_column]<div class=\"ult-spacer spacer-69ea2904d2107\" data-id=\"69ea2904d2107\" data-height=\"20\" data-height-mobile=\"20\" data-height-tab=\"20\" data-height-tab-portrait=\"\" data-height-mobile-landscape=\"\" style=\"clear:both;display:block;\"><\/div>[vc_row_inner css=&#8221;.vc_custom_1474504689364{padding-top: 20px !important;padding-right: 20px !important;padding-bottom: 20px !important;padding-left: 20px !important;background-color: rgba(37,150,18,0.24) !important;*background-color: rgb(37,150,18) !important;}&#8221;][vc_column_inner width=&#8221;1\/6&#8243;]<div class=\"ult-just-icon-wrapper  \"><div class=\"align-icon\" style=\"text-align:center;\">\n<div class=\"aio-icon circle \" data-animation=\"swing\" data-animation-delay=\"03\" style=\"color:#ffffff;background:#259612;font-size:22px;display:inline-block;\">\n\t<i class=\"Defaults-check\"><\/i>\n<\/div><\/div><\/div>[\/vc_column_inner][vc_column_inner width=&#8221;5\/6&#8243;][vc_custom_heading text=&#8221;Actualmente me encuentro en Las Terrenas, Saman\u00e1, Rep\u00fablica Dominicana, teniendo total disponibilidad para viajar a lo largo y ancho del pa\u00eds para ofrecer Fotografia de Eventos. Fotografia Corporativa. Video de Eventos.&#8221; font_container=&#8221;tag:h3|text_align:center&#8221; google_fonts=&#8221;font_family:Montserrat%3Aregular%2C700|font_style:400%20regular%3A400%3Anormal&#8221;][\/vc_column_inner][\/vc_row_inner]<div class=\"ult-spacer spacer-69ea2904d2116\" data-id=\"69ea2904d2116\" data-height=\"20\" data-height-mobile=\"20\" data-height-tab=\"20\" data-height-tab-portrait=\"\" data-height-mobile-landscape=\"\" style=\"clear:both;display:block;\"><\/div>[\/vc_column][\/vc_row]<\/p>\n<\/div>","protected":false},"excerpt":{"rendered":"<p>[vc_row][vc_column][\/vc_column][\/vc_row][vc_row gap=&#8221;35&#8243; content_placement=&#8221;middle&#8221;][vc_column width=&#8221;1\/2&#8243;][vc_row_inner][vc_column_inner][vc_separator][\/vc_column_inner][\/vc_row_inner][\/vc_column][vc_column width=&#8221;1\/2&#8243;][vc_row_inner][vc_column_inner][vc_gallery type=&#8221;nivo&#8221; interval=&#8221;3&#8243; images=&#8221;3501,3521,3504,3505,3502,3512,3503,3506,3508,3507,3509,3510,3511,3513,3520,3517,3518,3519,3292&#8243; img_size=&#8221;full&#8221; onclick=&#8221;&#8221;][\/vc_column_inner][\/vc_row_inner][\/vc_column][\/vc_row][vc_row bg_type=&#8221;image&#8221; parallax_style=&#8221;vcpb-vz-jquery&#8221; bg_image_new=&#8221;id^3516|url^http:\/\/www.lopezspratt.com\/v3\/wp-content\/uploads\/2016\/09\/eventos-down.jpg|caption^null|alt^null|title^playa grande aman|description^null&#8221; bg_image_repeat=&#8221;no-repeat&#8221; bg_image_size=&#8221;initial&#8221; parallax_sense=&#8221;50&#8243; bg_override=&#8221;full&#8221; enable_overlay=&#8221;enable_overlay_value&#8221; overlay_color=&#8221;#000000&#8243; overlay_pattern=&#8221;transperant&#8221; overlay_pattern_opacity=&#8221;10&#8243; css=&#8221;.vc_custom_1476114137980{padding-top: 100px !important;padding-bottom: 72px !important;}&#8221;][vc_column width=&#8221;1\/3&#8243;][\/vc_column][vc_column width=&#8221;1\/3&#8243;][vc_empty_space][\/vc_column][vc_column width=&#8221;1\/3&#8243;][\/vc_column][\/vc_row][vc_row][vc_column][vc_row_inner gap=&#8221;30&#8243;][vc_column_inner width=&#8221;1\/6&#8243;][\/vc_column_inner][vc_column_inner width=&#8221;4\/6&#8243;][vc_message icon_fontawesome=&#8221;fa fa-plane&#8221; css_animation=&#8221;appear&#8221;] Si bien soy un fotografo en Las Terrenas, tengo total disponibilidad para viajar tanto dentro como fuera de [&hellip;]<\/p>\n","protected":false},"author":1,"featured_media":0,"parent":0,"menu_order":0,"comment_status":"closed","ping_status":"closed","template":"","meta":{"footnotes":""},"class_list":["post-1520","page","type-page","status-publish","hentry"],"_links":{"self":[{"href":"http:\/\/www.lopezspratt.com\/v3\/wp-json\/wp\/v2\/pages\/1520","targetHints":{"allow":["GET"]}}],"collection":[{"href":"http:\/\/www.lopezspratt.com\/v3\/wp-json\/wp\/v2\/pages"}],"about":[{"href":"http:\/\/www.lopezspratt.com\/v3\/wp-json\/wp\/v2\/types\/page"}],"author":[{"embeddable":true,"href":"http:\/\/www.lopezspratt.com\/v3\/wp-json\/wp\/v2\/users\/1"}],"replies":[{"embeddable":true,"href":"http:\/\/www.lopezspratt.com\/v3\/wp-json\/wp\/v2\/comments?post=1520"}],"version-history":[{"count":0,"href":"http:\/\/www.lopezspratt.com\/v3\/wp-json\/wp\/v2\/pages\/1520\/revisions"}],"wp:attachment":[{"href":"http:\/\/www.lopezspratt.com\/v3\/wp-json\/wp\/v2\/media?parent=1520"}],"curies":[{"name":"wp","href":"https:\/\/api.w.org\/{rel}","templated":true}]}}