{"id":1552,"date":"2016-09-27T16:22:50","date_gmt":"2016-09-27T16:22:50","guid":{"rendered":"http:\/\/www.lopezspratt.com\/v3\/?page_id=1552"},"modified":"2017-07-11T00:58:28","modified_gmt":"2017-07-11T00:58:28","slug":"proyectos","status":"publish","type":"page","link":"http:\/\/www.lopezspratt.com\/v3\/proyectos\/","title":{"rendered":"Proyectos"},"content":{"rendered":"<div class=\"wpb-content-wrapper\"><p>[vc_row][vc_column][\/vc_column][\/vc_row][vc_row gap=&#8221;30&#8243;][vc_column][vc_row_inner content_placement=&#8221;middle&#8221;][vc_column_inner width=&#8221;1\/2&#8243;][vc_single_image image=&#8221;7060&#8243; img_size=&#8221;full&#8221; alignment=&#8221;center&#8221; style=&#8221;vc_box_rounded&#8221; css_animation=&#8221;left-to-right&#8221;][\/vc_column_inner][vc_column_inner width=&#8221;1\/2&#8243;]<div id=\"ultimate-heading-559569ea23cf33495\" class=\"uvc-heading ult-adjust-bottom-margin ultimate-heading-559569ea23cf33495 uvc-4312 \" data-hspacer=\"no_spacer\"  data-halign=\"center\" style=\"text-align:center\"><div class=\"uvc-heading-spacer no_spacer\" style=\"top\"><\/div><div class=\"uvc-sub-heading ult-responsive\"  data-ultimate-target='.uvc-heading.ultimate-heading-559569ea23cf33495 .uvc-sub-heading '  data-responsive-json-new='{\"font-size\":\"desktop:24px;\",\"line-height\":\"\"}'  style=\"font-family:'Merienda One';font-weight:normal;\">AvanceDeObra.com<\/div><\/div><div class=\"ult-spacer spacer-69ea23cf334ad\" data-id=\"69ea23cf334ad\" data-height=\"30\" data-height-mobile=\"30\" data-height-tab=\"30\" data-height-tab-portrait=\"\" data-height-mobile-landscape=\"\" style=\"clear:both;display:block;\"><\/div>[vc_column_text css_animation=&#8221;right-to-left&#8221;]<strong><a title=\"AvanceDeObra.com\" href=\"http:\/\/www.avancedeobra.com\" target=\"_blank\" data-slimstat-clicked=\"false\" data-slimstat-type=\"0\" data-slimstat-tracking=\"true\" data-slimstat-callback=\"false\" data-slimstat-async=\"true\">AvanceDeObra.com<\/a><\/strong> es el primer <strong>Sistema de Relevamientos Fotogr\u00e1ficos OnLine<\/strong> del mercado. La idea de este servicio es la de contar con\u00a0el control absoluto de una\u00a0obra o proyecto accediendo desde cualquier parte del mundo, las 24hrs, los 365 d\u00edas del a\u00f1o.<\/p>\n<p>Tener al alcance de la mano una herramienta de alto impacto visual, promocione su proyecto con fotograf\u00edas profesionales semana tras semana, public\u00e1ndolas\u00a0en una galer\u00eda para sus clientes en la web <strong><a href=\"http:\/\/www.avancedeobra.com\">AvanceDeObra.com<\/a>,<\/strong> descargar\u00a0y visualizar\u00a0el avance de su obra On-Line 24 hrs despu\u00e9s de haber sido procesado el Relevamiento, son algunas de las tantas ventajas de este servicio.<\/p>\n<p><strong><a title=\"AvanceDeObra.com - Sistema de Relevamientos Fotograficos de Obras\" href=\"https:\/\/avancedeobra.com\/\" target=\"_blank\" data-slimstat-clicked=\"false\" data-slimstat-type=\"0\" data-slimstat-tracking=\"true\" data-slimstat-callback=\"false\" data-slimstat-async=\"true\">AvanceDeObra.com<\/a><\/strong>\u00a0ofrece la posibilidad de acceder de manera OnLine a todo el material producido en cada <em>Relevamiento<\/em>. Seg\u00fan el perfil y\/o crecimiento del proyecto y el servicio contratado, se tendr\u00e1 acceso al historial de <em>Relevamientos<\/em> de forma online para descargarlo o visualizarlo en tama\u00f1os superiores a los 4300\u00d73200 pixels en formatos JPG y\/o TIFF. Podr\u00e1 acceder al contenido de cada <em>Relevamiento<\/em> las 24hrs, los 365 d\u00edas del a\u00f1o y desde cualquier parte del mundo.<br \/>\nDesde nuestro portal <a title=\"AvanceDeObra.com - Sistema de Relevamientos Fotograficos de Obras\" href=\"https:\/\/avancedeobra.com\/\" target=\"_blank\" data-slimstat-clicked=\"false\" data-slimstat-type=\"0\" data-slimstat-tracking=\"true\" data-slimstat-callback=\"false\" data-slimstat-async=\"true\"><strong>AvanceDeObra.com<\/strong><\/a> podr\u00e1 llevar un completo reporte diario\/semanal de los avances, cubicaciones, recursos utilizados, detalle de cada una de las cadenas que unen al proceso del control de obra, etc generando graficos comparativos de dicha informaci\u00f3n. Podr\u00e1 darle acceso mediante usuario\/contrase\u00f1a a directivos de la campa\u00f1a, financista, ingenieros y\/o entidades bancarias que apoyan la obra. Acceda a esta informaci\u00f3n las 24 horas, los 365 d\u00edas del a\u00f1o desde cualquier parte del mundo<\/p>\n<p>Para mas informaci\u00f3n siga el siguiente link: <strong><a title=\"AvanceDeObra.com - Sistema de Relevamientos Fotograficos de Obras\" href=\"https:\/\/avancedeobra.com\/\" target=\"_blank\" data-slimstat-clicked=\"false\" data-slimstat-type=\"0\" data-slimstat-tracking=\"true\" data-slimstat-callback=\"false\" data-slimstat-async=\"true\">AvanceDeObra.com<\/a><\/strong>[\/vc_column_text][\/vc_column_inner][\/vc_row_inner][vc_row_inner content_placement=&#8221;middle&#8221; gap=&#8221;5&#8243; css=&#8221;.vc_custom_1474922990766{background-color: rgba(216,216,216,0.36) !important;*background-color: rgb(216,216,216) !important;}&#8221;][vc_column_inner width=&#8221;1\/2&#8243;]<div id=\"ultimate-heading-639569ea23cf334b8\" class=\"uvc-heading ult-adjust-bottom-margin ultimate-heading-639569ea23cf334b8 uvc-933 \" data-hspacer=\"no_spacer\"  data-halign=\"center\" style=\"text-align:center\"><div class=\"uvc-heading-spacer no_spacer\" style=\"top\"><\/div><div class=\"uvc-sub-heading ult-responsive\"  data-ultimate-target='.uvc-heading.ultimate-heading-639569ea23cf334b8 .uvc-sub-heading '  data-responsive-json-new='{\"font-size\":\"desktop:24px;\",\"line-height\":\"\"}'  style=\"font-family:'Merienda One';font-weight:normal;\">Las Terrenas<\/div><\/div><div class=\"ult-spacer spacer-69ea23cf334c1\" data-id=\"69ea23cf334c1\" data-height=\"30\" data-height-mobile=\"30\" data-height-tab=\"30\" data-height-tab-portrait=\"\" data-height-mobile-landscape=\"\" style=\"clear:both;display:block;\"><\/div>[vc_column_text css_animation=&#8221;left-to-right&#8221;]El proyecto &#8220;Las Terrenas&#8221; comenzo hace unos 4 a\u00f1os atras, viendo la falta y precariedad del material promocional del destino. Primero comence con la creacion de la pagina de <strong>Las Terrenas<\/strong> en Facebook<strong>\u00a0<\/strong>(<strong><a href=\"http:\/\/www.facebook.com\/LasTerrenas\">Facebook.com\/LasTerrenas<\/a><\/strong>). Vivo aqu\u00ed hace muchos a\u00f1os y no he visto que nadie se preocupe por la promoci\u00f3n de uno de los destinos m\u00e1s completos de pa\u00eds, algo completamente il\u00f3gico. Es por ello que decid\u00ed comenzar a subir fotograf\u00edas a\u00e9reas, a producir videos sobre las distintas actividades que se pueden hacer en Las Terrenas llamados <strong>&#8220;Descubre Las Terrenas&#8221;<\/strong> (<a href=\"https:\/\/www.facebook.com\/lasterrenas\/videos\"><strong>link facebook<\/strong><\/a> &#8211; <strong><a href=\"https:\/\/www.youtube.com\/watch?v=goFH0LfjMzw&amp;list=PLIeREt83wt8DWplDh8GznX8Xmos7T1LOB\">link youtube<\/a><\/strong>) recibiendo m\u00e1s de 44.000 reproducciones de video en el \u00faltimo cap\u00edtulo que hice. Mi meta es promocionar a Las Terrenas como destino y no un hotel o lugar en particular. Al d\u00eda de la fecha el Facebook de Las Terrenas @LasTerrenas, cuenta con m\u00e1s de 11.000 seguidores activos. El nuevo proyecto es la creaci\u00f3n de la pagina web, la misma bajo el dominio <strong>LasTerrenas.DO<\/strong>. Este proyecto es un poco m\u00e1s ambicioso ya que requiere de mucho m\u00e1s trabajo y horas, pero hare todo lo posible para que en los pr\u00f3ximos meses comience a crecer.[\/vc_column_text][\/vc_column_inner][vc_column_inner width=&#8221;1\/2&#8243;][vc_single_image image=&#8221;7061&#8243; img_size=&#8221;full&#8221; alignment=&#8221;center&#8221; style=&#8221;vc_box_rounded&#8221; css_animation=&#8221;right-to-left&#8221;][\/vc_column_inner][\/vc_row_inner][vc_row_inner content_placement=&#8221;middle&#8221; gap=&#8221;5&#8243;][vc_column_inner width=&#8221;1\/2&#8243;][vc_single_image image=&#8221;7063&#8243; img_size=&#8221;full&#8221; alignment=&#8221;center&#8221; style=&#8221;vc_box_rounded&#8221; css_animation=&#8221;left-to-right&#8221;][\/vc_column_inner][vc_column_inner width=&#8221;1\/2&#8243;]<div id=\"ultimate-heading-617969ea23cf334ce\" class=\"uvc-heading ult-adjust-bottom-margin ultimate-heading-617969ea23cf334ce uvc-1120 \" data-hspacer=\"no_spacer\"  data-halign=\"center\" style=\"text-align:center\"><div class=\"uvc-heading-spacer no_spacer\" style=\"top\"><\/div><div class=\"uvc-sub-heading ult-responsive\"  data-ultimate-target='.uvc-heading.ultimate-heading-617969ea23cf334ce .uvc-sub-heading '  data-responsive-json-new='{\"font-size\":\"desktop:24px;\",\"line-height\":\"\"}'  style=\"font-family:'Merienda One';font-weight:normal;\">BodasLasTerrenas.com<\/div><\/div><div class=\"ult-spacer spacer-69ea23cf334d4\" data-id=\"69ea23cf334d4\" data-height=\"30\" data-height-mobile=\"30\" data-height-tab=\"30\" data-height-tab-portrait=\"\" data-height-mobile-landscape=\"\" style=\"clear:both;display:block;\"><\/div>[vc_column_text css_animation=&#8221;right-to-left&#8221;]<a href=\"http:\/\/www.bodaslasterrenas.com\">BodasLasTerrenas.com<\/a> es un proyecto que llevo en construccion desde hace un tiempo con el unico objetivo de ayudar a las novias a que elijan Las Terrenas como su destino de bodas. Por cuestiones de tiempo este proyecto viene un poco atrasado, pero proximamente espero poder continuar con el.[\/vc_column_text][\/vc_column_inner][\/vc_row_inner][vc_row_inner content_placement=&#8221;middle&#8221; gap=&#8221;5&#8243; css=&#8221;.vc_custom_1474934442960{background-color: rgba(216,216,216,0.36) !important;*background-color: rgb(216,216,216) !important;}&#8221;][vc_column_inner width=&#8221;1\/2&#8243;]<div id=\"ultimate-heading-405869ea23cf334da\" class=\"uvc-heading ult-adjust-bottom-margin ultimate-heading-405869ea23cf334da uvc-4317 left to right\" data-hspacer=\"no_spacer\"  data-halign=\"center\" style=\"text-align:center\"><div class=\"uvc-heading-spacer no_spacer\" style=\"top\"><\/div><div class=\"uvc-sub-heading ult-responsive\"  data-ultimate-target='.uvc-heading.ultimate-heading-405869ea23cf334da .uvc-sub-heading '  data-responsive-json-new='{\"font-size\":\"desktop:24px;\",\"line-height\":\"\"}'  style=\"font-family:'Merienda One';font-weight:normal;\">PhotoLasTerrenas.com<\/div><\/div><div class=\"ult-spacer spacer-69ea23cf334df\" data-id=\"69ea23cf334df\" data-height=\"30\" data-height-mobile=\"30\" data-height-tab=\"30\" data-height-tab-portrait=\"\" data-height-mobile-landscape=\"\" style=\"clear:both;display:block;\"><\/div>[vc_column_text css_animation=&#8221;left-to-right&#8221;]Desde hace tiempo que capacito personas, busco talentos y trato de encontrar mentes inquietas con ganas de progresar. Asi es como nace <strong><a href=\"http:\/\/PhotoLasTerrenas.com\">PhotoLasTerrenas.com<\/a><\/strong> y basicamente es poder ofrecer servicios de fotograf\u00eda en toda la provincia de Samana por un valor mas economico. Donde un profesional capacitado personalmente por m\u00ed, podr\u00e1 realizar el trabajo necesario ya sean bodas,fotograf\u00eda de inmueble, sesiones fotogr\u00e1ficas o video. Obviamente existen muchas diferencias con respecto a lo que ofrezco yo directamente ya que como primera diferencia notoria es que yo no sere parte del proyecto en ninguna de sus etapas (planeaci\u00f3n, ejecuci\u00f3n o edici\u00f3n) ni los equipos &#8220;pro&#8221; estar\u00e1n disponibles para los mismos.<\/p>\n<p>Este proyecto contin\u00faa en desarrollo y pr\u00f3ximamente habr\u00e1 mas novedades =)[\/vc_column_text][\/vc_column_inner][vc_column_inner width=&#8221;1\/2&#8243;][vc_single_image image=&#8221;7064&#8243; img_size=&#8221;full&#8221; alignment=&#8221;center&#8221; style=&#8221;vc_box_rounded&#8221; css_animation=&#8221;right-to-left&#8221;][\/vc_column_inner][\/vc_row_inner][vc_row_inner content_placement=&#8221;middle&#8221; gap=&#8221;5&#8243;][vc_column_inner width=&#8221;1\/2&#8243;][vc_single_image image=&#8221;7065&#8243; img_size=&#8221;full&#8221; alignment=&#8221;center&#8221; style=&#8221;vc_box_rounded&#8221; css_animation=&#8221;left-to-right&#8221;][\/vc_column_inner][vc_column_inner width=&#8221;1\/2&#8243;]<div id=\"ultimate-heading-392569ea23cf334e5\" class=\"uvc-heading ult-adjust-bottom-margin ultimate-heading-392569ea23cf334e5 uvc-8739 \" data-hspacer=\"no_spacer\"  data-halign=\"center\" style=\"text-align:center\"><div class=\"uvc-heading-spacer no_spacer\" style=\"top\"><\/div><div class=\"uvc-sub-heading ult-responsive\"  data-ultimate-target='.uvc-heading.ultimate-heading-392569ea23cf334e5 .uvc-sub-heading '  data-responsive-json-new='{\"font-size\":\"desktop:24px;\",\"line-height\":\"\"}'  style=\"font-family:'Merienda One';font-weight:normal;\">Impresiones<\/div><\/div><div class=\"ult-spacer spacer-69ea23cf334e9\" data-id=\"69ea23cf334e9\" data-height=\"30\" data-height-mobile=\"30\" data-height-tab=\"30\" data-height-tab-portrait=\"\" data-height-mobile-landscape=\"\" style=\"clear:both;display:block;\"><\/div>[vc_column_text css_animation=&#8221;right-to-left&#8221;]En mi carrera como fot\u00f3grafo, he ido obteniendo magnificas imagenes que siempre so\u00f1\u00e9 poder colgar en la pared de mis clientes, que mi trabajo no se limite solo a estar en una computadora, ipad o celular.\u00a0Y fue un proceso muy grande hasta que me met\u00ed realmente en el mundo de las impresiones y ofrezco yo mismo imprimirlas en mis impresoras profesionales EPSON. Por que? simplemente porque vivir en Las Terrenas hace que todo este un poco mas lejos, tener que depender de otras personas, de otros tiempos y de la manipulaci\u00f3n de alguien que no le pondr\u00e1 la importancia y cari\u00f1o que yo le dar\u00e9 al producto final.<\/p>\n<p>Si bien todav\u00eda no tiene un nombre destinado, ni una p\u00e1gina web, se podr\u00e1 ver algo de esto\u00a0en <a href=\"http:\/\/www.lopezspratt.com\/v3\/prints\"><strong>PRINTS<\/strong><\/a> hasta tanto pueda armar un cat\u00e1logo con todo el material que ofrezco, los diferentes tipos de papeles, tama\u00f1os y dise\u00f1os.<\/p>\n<p>Para mas informacion sobre PRINTS sigue el <strong><a href=\"http:\/\/www.lopezspratt.com\/v3\/prints\">siguiente link<\/a><\/strong>.[\/vc_column_text][\/vc_column_inner][\/vc_row_inner][vc_row_inner content_placement=&#8221;middle&#8221; gap=&#8221;5&#8243; css=&#8221;.vc_custom_1474934442960{background-color: rgba(216,216,216,0.36) !important;*background-color: rgb(216,216,216) !important;}&#8221;][vc_column_inner width=&#8221;1\/2&#8243;]<div id=\"ultimate-heading-882569ea23cf334ef\" class=\"uvc-heading ult-adjust-bottom-margin ultimate-heading-882569ea23cf334ef uvc-8943 \" data-hspacer=\"no_spacer\"  data-halign=\"center\" style=\"text-align:center\"><div class=\"uvc-heading-spacer no_spacer\" style=\"top\"><\/div><div class=\"uvc-sub-heading ult-responsive\"  data-ultimate-target='.uvc-heading.ultimate-heading-882569ea23cf334ef .uvc-sub-heading '  data-responsive-json-new='{\"font-size\":\"desktop:24px;\",\"line-height\":\"\"}'  style=\"font-family:'Merienda One';font-weight:normal;\">MediaPila.com<\/div><\/div><div class=\"ult-spacer spacer-69ea23cf334f2\" data-id=\"69ea23cf334f2\" data-height=\"30\" data-height-mobile=\"30\" data-height-tab=\"30\" data-height-tab-portrait=\"\" data-height-mobile-landscape=\"\" style=\"clear:both;display:block;\"><\/div>[vc_column_text css_animation=&#8221;left-to-right&#8221;]Este proyecto tiene lleva mas tiempo que mi carrera como fot\u00f3grafo. Hace ya mas de 20 a\u00f1os que ofrezco tanto dise\u00f1o web como servicio de hosting. Si bien el nombre <strong><a href=\"http:\/\/MediaPila.com\">MediaPila.com<\/a><\/strong> nacio en 2003, anteriormente ha ido mutando y cambiando.<\/p>\n<p>Si bien en el pasado he tenido cientos de clientes de hospedaje y much\u00edsimos de dise\u00f1o web, hoy por hoy ofrezco algo\u00a0muy especializados y particular. Por la cantidad de trabajo que tengo como fot\u00f3grafo, el target de clientes que tengo en la actualidad es de personas que buscan algo muy espec\u00edfico, un balance perfecto entre utilidad y visualizaci\u00f3n. La realidad es que no es algo que haga mucho ultimamente sino mas un servicio adicional a un paquete de fotografia y video.[\/vc_column_text][\/vc_column_inner][vc_column_inner width=&#8221;1\/2&#8243;][vc_single_image image=&#8221;7066&#8243; img_size=&#8221;full&#8221; alignment=&#8221;center&#8221; style=&#8221;vc_box_rounded&#8221; css_animation=&#8221;right-to-left&#8221;][\/vc_column_inner][\/vc_row_inner][vc_row_inner gap=&#8221;30&#8243;][vc_column_inner width=&#8221;1\/6&#8243;][\/vc_column_inner][vc_column_inner width=&#8221;4\/6&#8243;][vc_message icon_fontawesome=&#8221;fa fa-envelope&#8221; css_animation=&#8221;appear&#8221;]Para mas informacion sobre los servicios y\/o proyectos enumerados por favor sigue el <strong><a href=\"http:\/\/www.lopezspratt.com\/v3\/contacto\">siguiente link<\/a><\/strong> para ponernos en contacto.[\/vc_message][\/vc_column_inner][vc_column_inner width=&#8221;1\/6&#8243;][\/vc_column_inner][\/vc_row_inner][\/vc_column][\/vc_row]<\/p>\n<\/div>","protected":false},"excerpt":{"rendered":"<p>[vc_row][vc_column][\/vc_column][\/vc_row][vc_row gap=&#8221;30&#8243;][vc_column][vc_row_inner content_placement=&#8221;middle&#8221;][vc_column_inner width=&#8221;1\/2&#8243;][vc_single_image image=&#8221;7060&#8243; img_size=&#8221;full&#8221; alignment=&#8221;center&#8221; style=&#8221;vc_box_rounded&#8221; css_animation=&#8221;left-to-right&#8221;][\/vc_column_inner][vc_column_inner width=&#8221;1\/2&#8243;][vc_column_text css_animation=&#8221;right-to-left&#8221;]AvanceDeObra.com es el primer Sistema de Relevamientos Fotogr\u00e1ficos OnLine del mercado. La idea de este servicio es la de contar con\u00a0el control absoluto de una\u00a0obra o proyecto accediendo desde cualquier parte del mundo, las 24hrs, los 365 d\u00edas del a\u00f1o. Tener al alcance de la [&hellip;]<\/p>\n","protected":false},"author":1,"featured_media":0,"parent":0,"menu_order":0,"comment_status":"closed","ping_status":"closed","template":"","meta":{"footnotes":""},"class_list":["post-1552","page","type-page","status-publish","hentry"],"_links":{"self":[{"href":"http:\/\/www.lopezspratt.com\/v3\/wp-json\/wp\/v2\/pages\/1552","targetHints":{"allow":["GET"]}}],"collection":[{"href":"http:\/\/www.lopezspratt.com\/v3\/wp-json\/wp\/v2\/pages"}],"about":[{"href":"http:\/\/www.lopezspratt.com\/v3\/wp-json\/wp\/v2\/types\/page"}],"author":[{"embeddable":true,"href":"http:\/\/www.lopezspratt.com\/v3\/wp-json\/wp\/v2\/users\/1"}],"replies":[{"embeddable":true,"href":"http:\/\/www.lopezspratt.com\/v3\/wp-json\/wp\/v2\/comments?post=1552"}],"version-history":[{"count":1,"href":"http:\/\/www.lopezspratt.com\/v3\/wp-json\/wp\/v2\/pages\/1552\/revisions"}],"predecessor-version":[{"id":13896,"href":"http:\/\/www.lopezspratt.com\/v3\/wp-json\/wp\/v2\/pages\/1552\/revisions\/13896"}],"wp:attachment":[{"href":"http:\/\/www.lopezspratt.com\/v3\/wp-json\/wp\/v2\/media?parent=1552"}],"curies":[{"name":"wp","href":"https:\/\/api.w.org\/{rel}","templated":true}]}}