{"id":3257,"date":"2016-10-06T21:22:50","date_gmt":"2016-10-06T21:22:50","guid":{"rendered":"http:\/\/www.lopezspratt.com\/v3\/?page_id=3257"},"modified":"2017-07-11T02:12:38","modified_gmt":"2017-07-11T02:12:38","slug":"portafolio-de-bodas","status":"publish","type":"page","link":"http:\/\/www.lopezspratt.com\/v3\/portafolio-de-bodas\/","title":{"rendered":"Portafolio de Bodas"},"content":{"rendered":"<div class=\"wpb-content-wrapper\"><p>[vc_row][vc_column][\/vc_column][\/vc_row][vc_row][vc_column][vc_empty_space height=&#8221;25px&#8221;][\/vc_column][\/vc_row][vc_row][vc_column width=&#8221;1\/4&#8243;][\/vc_column][vc_column width=&#8221;1\/2&#8243;][vc_message icon_fontawesome=&#8221;fa fa-hourglass-half&#8221; css_animation=&#8221;appear&#8221;]<\/p>\n<p style=\"text-align: center;\">Portafolio de Fotograf\u00eda de Boda.<br \/>\nCargando las\u00a0fotograf\u00eda\u00a0de boda&#8230; puede tardar unos segundos.<br \/>\nLoading the pictures&#8230; can take some time.<\/p>\n<p>[\/vc_message][\/vc_column][vc_column width=&#8221;1\/4&#8243;][\/vc_column][\/vc_row][vc_row][vc_column][vc_masonry_media_grid style=&#8221;lazy&#8221; item=&#8221;masonryMedia_BorderedScale&#8221; initial_loading_animation=&#8221;fadeIn&#8221; grid_id=&#8221;vc_gid:1499738429705-0135a4e407e20c3c8e307b6ddca837f7-3&#8243; include=&#8221;7430,3080,3110,7434,1588,1586,3095,7603,2092,2612,2223,3006,2465,1857,3172,2046,3183,1901,3079,2454,2594,2969,3150,2636,7588,7253,1869,7585,7337,7432,7468,2879,2860,3065,3175,2466,3076,3067,3237,7283,7537,3068,7444,7232,3142,2830,3171,3021,7405,3071,2079,2880,7345,3138,7411,7333,2620,3156,3099,7429,2981,7604,7410,7288,7473,7369,7311,3078,3082,3072,3055,2758,7262,2999,2487,7586,7364,2700,2961,7250,2665,7605,2919,7314,2217,2622,7354,7509,2709,7302,7258,2984,2827,1987,2502,2383,2681,2673,2864,2949,2458,2669,2647,7246,2868,2293,7527,2642,7319,2155,2686,2392,7260,7228,2690,7457,2459,2835,1819,2672,2450,2002,7226,2670,2129,1840,2429,2464,2434,7520,7267,2343,7542,7471,7424,7261,7241,7275,2330,7435,2265,1995,7428,2180,7409,7576,2287,7530,1979,1910,7533,1912,7539,2510,7551,1763,2362,7336,1737,1680,1598,7359,7284,7231,7235,7436,7242,7315,7249,7295,7254,7256,2394,7477,2664,7263,7340,7332,7265,7266,7350,7270,7301,7278,7281,7563,7286,7290,7582,7399,7294,7229,7462,7320,7300,7309,7524,7347,7321,7366,7240,7322,7323,7328,7282,7273,7268,7346,7331,7561,7335,7418,7342,7343,7450,7274,7349,7572,7352,7353,7401,7361,7368,7555,7370,7567,7602,7523,7606,7247,7318,7532,3117,7377,7380,7285,7517,7389,7458,7395,7398,7464,7404,7554,7408,2639,7412,7413,7414,7416,7578,7534,7277,7425,7365,7437,7470,7438,7440,7446,7344,2567,7308,7452,7512,7453,7255,7455,7363,7467,3178,7472,7341,7476,7478,7521,7587,7503,7482,7483,7443,7493,7501,7502,7506,7508,7264,7271,7516,7475,7519,7583,7312,3187,7543,7460,7423,7552,7557,7559,7564,7568,7287,7403,7584,7607&#8243;][\/vc_column][\/vc_row][vc_row][vc_column][vc_empty_space height=&#8221;25px&#8221;][\/vc_column][\/vc_row][vc_row gap=&#8221;30&#8243; bg_type=&#8221;image&#8221; parallax_style=&#8221;vcpb-vz-jquery&#8221; bg_image_new=&#8221;id^827|url^http:\/\/www.lopezspratt.com\/v3\/wp-content\/uploads\/2015\/01\/Preview-Image-32.jpg|caption^null|alt^null|title^Fotografo de Bodas Las Terrenas|description^null&#8221; bg_override=&#8221;ex-full&#8221;][vc_column]<div class=\"ult-spacer spacer-69ea23f732013\" data-id=\"69ea23f732013\" data-height=\"20\" data-height-mobile=\"20\" data-height-tab=\"20\" data-height-tab-portrait=\"\" data-height-mobile-landscape=\"\" style=\"clear:both;display:block;\"><\/div>[vc_row_inner css=&#8221;.vc_custom_1474504689364{padding-top: 20px !important;padding-right: 20px !important;padding-bottom: 20px !important;padding-left: 20px !important;background-color: rgba(37,150,18,0.24) !important;*background-color: rgb(37,150,18) !important;}&#8221;][vc_column_inner width=&#8221;1\/6&#8243;]<div class=\"ult-just-icon-wrapper  \"><div class=\"align-icon\" style=\"text-align:center;\">\n<div class=\"aio-icon circle \" data-animation=\"swing\" data-animation-delay=\"03\" style=\"color:#ffffff;background:#259612;font-size:22px;display:inline-block;\">\n\t<i class=\"Defaults-check\"><\/i>\n<\/div><\/div><\/div>[\/vc_column_inner][vc_column_inner width=&#8221;5\/6&#8243;][vc_custom_heading text=&#8221;Actualmente me encuentro en Las Terrenas, Saman\u00e1, Rep\u00fablica Dominicana, teniendo total disponibilidad para viajar a lo largo y ancho del pa\u00eds para ofrecer Fotografia de Bodas. Fotograf\u00eda de Eventos. Fotografia de Trash The Dress. Video de Bodas. Wedding Photography. Wedding Video. Fotografia de bodas en Punta Cana. Fotograf\u00eda de bodas en Casa de Campo. Boda en Punta Cana. Boda en Las Terrenas. Boda en Casa de Campo.&#8221; font_container=&#8221;tag:h3|text_align:center&#8221; google_fonts=&#8221;font_family:Montserrat%3Aregular%2C700|font_style:400%20regular%3A400%3Anormal&#8221;][\/vc_column_inner][\/vc_row_inner]<div class=\"ult-spacer spacer-69ea23f73204c\" data-id=\"69ea23f73204c\" data-height=\"20\" data-height-mobile=\"20\" data-height-tab=\"20\" data-height-tab-portrait=\"\" data-height-mobile-landscape=\"\" style=\"clear:both;display:block;\"><\/div>[\/vc_column][\/vc_row][vc_row][vc_column][vc_empty_space height=&#8221;25px&#8221;][\/vc_column][\/vc_row][vc_row][vc_column width=&#8221;1\/4&#8243;][\/vc_column][vc_column width=&#8221;1\/2&#8243;][vc_message icon_fontawesome=&#8221;fa fa-comment-o&#8221; css_animation=&#8221;appear&#8221;]<\/p>\n<p style=\"text-align: center;\">Visita mi BLOG para ver los reviews de fotograf\u00eda de boda. <strong><a href=\"http:\/\/www.lopezspratt.com\/v3\/blog\">BLOG<\/a><br \/>\n<\/strong>Visita mis videos de boda en <a href=\"http:\/\/www.vimeo.com\/lopezspratt\"><strong>VIMEO<\/strong><\/a>.<strong>\u00a0<a href=\"http:\/\/www.lopezspratt.com\/v3\/blog\"><br \/>\n<\/a><br \/>\n<\/strong><\/p>\n<p>[\/vc_message][\/vc_column][vc_column width=&#8221;1\/4&#8243;][\/vc_column][\/vc_row][vc_row][vc_column][\/vc_column][\/vc_row]<\/p>\n<\/div>","protected":false},"excerpt":{"rendered":"<p>[vc_row][vc_column][\/vc_column][\/vc_row][vc_row][vc_column][vc_empty_space height=&#8221;25px&#8221;][\/vc_column][\/vc_row][vc_row][vc_column width=&#8221;1\/4&#8243;][\/vc_column][vc_column width=&#8221;1\/2&#8243;][vc_message icon_fontawesome=&#8221;fa fa-hourglass-half&#8221; css_animation=&#8221;appear&#8221;] Portafolio de Fotograf\u00eda de Boda. Cargando las\u00a0fotograf\u00eda\u00a0de boda&#8230; puede tardar unos segundos. Loading the pictures&#8230; can take some time. [\/vc_message][\/vc_column][vc_column width=&#8221;1\/4&#8243;][\/vc_column][\/vc_row][vc_row][vc_column][vc_masonry_media_grid style=&#8221;lazy&#8221; item=&#8221;masonryMedia_BorderedScale&#8221; initial_loading_animation=&#8221;fadeIn&#8221; grid_id=&#8221;vc_gid:1499738429705-0135a4e407e20c3c8e307b6ddca837f7-3&#8243; include=&#8221;7430,3080,3110,7434,1588,1586,3095,7603,2092,2612,2223,3006,2465,1857,3172,2046,3183,1901,3079,2454,2594,2969,3150,2636,7588,7253,1869,7585,7337,7432,7468,2879,2860,3065,3175,2466,3076,3067,3237,7283,7537,3068,7444,7232,3142,2830,3171,3021,7405,3071,2079,2880,7345,3138,7411,7333,2620,3156,3099,7429,2981,7604,7410,7288,7473,7369,7311,3078,3082,3072,3055,2758,7262,2999,2487,7586,7364,2700,2961,7250,2665,7605,2919,7314,2217,2622,7354,7509,2709,7302,7258,2984,2827,1987,2502,2383,2681,2673,2864,2949,2458,2669,2647,7246,2868,2293,7527,2642,7319,2155,2686,2392,7260,7228,2690,7457,2459,2835,1819,2672,2450,2002,7226,2670,2129,1840,2429,2464,2434,7520,7267,2343,7542,7471,7424,7261,7241,7275,2330,7435,2265,1995,7428,2180,7409,7576,2287,7530,1979,1910,7533,1912,7539,2510,7551,1763,2362,7336,1737,1680,1598,7359,7284,7231,7235,7436,7242,7315,7249,7295,7254,7256,2394,7477,2664,7263,7340,7332,7265,7266,7350,7270,7301,7278,7281,7563,7286,7290,7582,7399,7294,7229,7462,7320,7300,7309,7524,7347,7321,7366,7240,7322,7323,7328,7282,7273,7268,7346,7331,7561,7335,7418,7342,7343,7450,7274,7349,7572,7352,7353,7401,7361,7368,7555,7370,7567,7602,7523,7606,7247,7318,7532,3117,7377,7380,7285,7517,7389,7458,7395,7398,7464,7404,7554,7408,2639,7412,7413,7414,7416,7578,7534,7277,7425,7365,7437,7470,7438,7440,7446,7344,2567,7308,7452,7512,7453,7255,7455,7363,7467,3178,7472,7341,7476,7478,7521,7587,7503,7482,7483,7443,7493,7501,7502,7506,7508,7264,7271,7516,7475,7519,7583,7312,3187,7543,7460,7423,7552,7557,7559,7564,7568,7287,7403,7584,7607&#8243;][\/vc_column][\/vc_row][vc_row][vc_column][vc_empty_space height=&#8221;25px&#8221;][\/vc_column][\/vc_row][vc_row gap=&#8221;30&#8243; bg_type=&#8221;image&#8221; parallax_style=&#8221;vcpb-vz-jquery&#8221; bg_image_new=&#8221;id^827|url^http:\/\/www.lopezspratt.com\/v3\/wp-content\/uploads\/2015\/01\/Preview-Image-32.jpg|caption^null|alt^null|title^Fotografo de Bodas Las Terrenas|description^null&#8221; bg_override=&#8221;ex-full&#8221;][vc_column][vc_row_inner css=&#8221;.vc_custom_1474504689364{padding-top: 20px !important;padding-right: 20px !important;padding-bottom: 20px !important;padding-left: 20px !important;background-color: rgba(37,150,18,0.24) !important;*background-color: rgb(37,150,18) [&hellip;]<\/p>\n","protected":false},"author":1,"featured_media":0,"parent":0,"menu_order":0,"comment_status":"closed","ping_status":"closed","template":"","meta":{"footnotes":""},"class_list":["post-3257","page","type-page","status-publish","hentry"],"_links":{"self":[{"href":"http:\/\/www.lopezspratt.com\/v3\/wp-json\/wp\/v2\/pages\/3257","targetHints":{"allow":["GET"]}}],"collection":[{"href":"http:\/\/www.lopezspratt.com\/v3\/wp-json\/wp\/v2\/pages"}],"about":[{"href":"http:\/\/www.lopezspratt.com\/v3\/wp-json\/wp\/v2\/types\/page"}],"author":[{"embeddable":true,"href":"http:\/\/www.lopezspratt.com\/v3\/wp-json\/wp\/v2\/users\/1"}],"replies":[{"embeddable":true,"href":"http:\/\/www.lopezspratt.com\/v3\/wp-json\/wp\/v2\/comments?post=3257"}],"version-history":[{"count":2,"href":"http:\/\/www.lopezspratt.com\/v3\/wp-json\/wp\/v2\/pages\/3257\/revisions"}],"predecessor-version":[{"id":13897,"href":"http:\/\/www.lopezspratt.com\/v3\/wp-json\/wp\/v2\/pages\/3257\/revisions\/13897"}],"wp:attachment":[{"href":"http:\/\/www.lopezspratt.com\/v3\/wp-json\/wp\/v2\/media?parent=3257"}],"curies":[{"name":"wp","href":"https:\/\/api.w.org\/{rel}","templated":true}]}}