{"id":3349,"date":"2016-10-07T16:31:01","date_gmt":"2016-10-07T16:31:01","guid":{"rendered":"http:\/\/www.lopezspratt.com\/v3\/?page_id=3349"},"modified":"2017-07-28T15:12:03","modified_gmt":"2017-07-28T15:12:03","slug":"video-de-bodas","status":"publish","type":"page","link":"http:\/\/www.lopezspratt.com\/v3\/video-de-bodas\/","title":{"rendered":"Video de Bodas"},"content":{"rendered":"<div class=\"wpb-content-wrapper\"><p>[vc_row][vc_column][\/vc_column][\/vc_row][vc_row][vc_column][\/vc_column][\/vc_row][vc_row gap=&#8221;35&#8243; content_placement=&#8221;middle&#8221;][vc_column][vc_row_inner][vc_column_inner width=&#8221;1\/4&#8243;][\/vc_column_inner][vc_column_inner width=&#8221;1\/2&#8243;][vc_separator][vc_separator]<div id=\"ultimate-heading-701769fe71820b31e\" class=\"uvc-heading ult-adjust-bottom-margin ultimate-heading-701769fe71820b31e uvc-5680 \" data-hspacer=\"no_spacer\"  data-halign=\"left\" style=\"text-align:left\"><div class=\"uvc-heading-spacer no_spacer\" style=\"top\"><\/div><div class=\"uvc-main-heading ult-responsive\"  data-ultimate-target='.uvc-heading.ultimate-heading-701769fe71820b31e h3'  data-responsive-json-new='{\"font-size\":\"\",\"line-height\":\"\"}' ><h3 style=\"font-family:'Advent Pro';font-weight:bold;color:rgba(141,141,141,0.7);\">VIDEO DE BODAS<\/h3><\/div><div class=\"uvc-sub-heading ult-responsive\"  data-ultimate-target='.uvc-heading.ultimate-heading-701769fe71820b31e .uvc-sub-heading '  data-responsive-json-new='{\"font-size\":\"desktop:14px;\",\"line-height\":\"desktop:24px;\"}'  style=\"font-family:'Average Sans';font-weight:normal;color:#8d8d8d;\"><\/p>\n<div class=\"wpb_text_column wpb_content_element \">\n<div class=\"wpb_wrapper\">\n<p>El Video de Bodas es una maravillosa extensi\u00f3n de las fotograf\u00edas de boda que entregare. Mi objetivo como videografo de bodas\u00a0es la de crear videos personalizados para cada pareja con un alto impacto visual, art\u00edstico y emocional que combinados con t\u00e9cnicas de edicion y musicalizacion logren robar una o varias lagrimas. As\u00ed como en la fotograf\u00eda de bodas, trabajo muy cerca de las parejas, trato de involucrarme en su grupo, de ser uno m\u00e1s sin perder la facilidad de ser pr\u00e1cticamente invisibles y no alterar el curso de los sucesos del d\u00eda. Mi meta final es la de obtener videos de bodas que excedan las expectativas.<\/p>\n<p>En la actualidad entregamos tres tipos de videos: <strong>Teaser, Short-Film y Lineal<\/strong>.<\/p>\n<\/div>\n<\/div>\n<p><\/div><\/div>[vc_separator][vc_empty_space][vc_empty_space]<div id=\"ultimate-heading-812069fe71820b336\" class=\"uvc-heading ult-adjust-bottom-margin ultimate-heading-812069fe71820b336 uvc-8292 \" data-hspacer=\"no_spacer\"  data-halign=\"left\" style=\"text-align:left\"><div class=\"uvc-heading-spacer no_spacer\" style=\"top\"><\/div><div class=\"uvc-main-heading ult-responsive\"  data-ultimate-target='.uvc-heading.ultimate-heading-812069fe71820b336 h3'  data-responsive-json-new='{\"font-size\":\"\",\"line-height\":\"\"}' ><h3 style=\"font-family:'Advent Pro';font-weight:bold;color:rgba(141,141,141,0.7);\">TEASER<\/h3><\/div><div class=\"uvc-sub-heading ult-responsive\"  data-ultimate-target='.uvc-heading.ultimate-heading-812069fe71820b336 .uvc-sub-heading '  data-responsive-json-new='{\"font-size\":\"desktop:14px;\",\"line-height\":\"desktop:24px;\"}'  style=\"font-family:'Average Sans';font-weight:normal;color:#8d8d8d;\"><\/p>\n<div class=\"wpb_text_column wpb_content_element \">\n<div class=\"wpb_wrapper\">\n<p>Este es un peque\u00f1o corto de hasta 1 minuto, lo denomino &#8220;mi loca creaci\u00f3n&#8221; ya que es como yo he visto y vivido la boda. La selecci\u00f3n musical, el estilo y la escencia del video son decisiones exclusivas mias, b\u00e1sicamente es como yo he percibido los acontecimientos de la boda por ello podr\u00e1s notar que cada <strong>Video Teaser<\/strong> es completamente diferente del otro.<\/p>\n<\/div>\n<\/div>\n<p><\/div><\/div>[vc_empty_space][vc_video link=&#8221;https:\/\/vimeo.com\/226375705&#8243; align=&#8221;center&#8221;][vc_empty_space][vc_video link=&#8221;https:\/\/vimeo.com\/225475415&#8243; align=&#8221;center&#8221;][vc_empty_space][vc_empty_space]<div id=\"ultimate-heading-206269fe71820b341\" class=\"uvc-heading ult-adjust-bottom-margin ultimate-heading-206269fe71820b341 uvc-1583 \" data-hspacer=\"no_spacer\"  data-halign=\"left\" style=\"text-align:left\"><div class=\"uvc-heading-spacer no_spacer\" style=\"top\"><\/div><div class=\"uvc-main-heading ult-responsive\"  data-ultimate-target='.uvc-heading.ultimate-heading-206269fe71820b341 h3'  data-responsive-json-new='{\"font-size\":\"\",\"line-height\":\"\"}' ><h3 style=\"font-family:'Advent Pro';font-weight:bold;color:rgba(141,141,141,0.7);\">SHORT FILM<\/h3><\/div><div class=\"uvc-sub-heading ult-responsive\"  data-ultimate-target='.uvc-heading.ultimate-heading-206269fe71820b341 .uvc-sub-heading '  data-responsive-json-new='{\"font-size\":\"desktop:14px;\",\"line-height\":\"desktop:24px;\"}'  style=\"font-family:'Average Sans';font-weight:normal;color:#8d8d8d;\">Este es el video de bodas por as\u00ed decirlo. El tiempo de este video oscila entre 3 a 5 minutos y tendr\u00e1 un alto contenido emocional. Generalmente la m\u00fasica la selecciono yo, pero acepto sugerencias o delineaciones por parte de los novios ya que en definitiva ser\u00e1 su video. Dependiendo de los requerimientos de los clientes podra ser un poco mas largo o mas corto, incluir los votos, algun speech, siempre y cuando no desarme la historia que queremos contar.<\/div><\/div>[vc_empty_space][vc_video link=&#8221;https:\/\/vimeo.com\/225478758&#8243; align=&#8221;center&#8221;][vc_empty_space][vc_video link=&#8221;https:\/\/vimeo.com\/225592263&#8243; align=&#8221;center&#8221;][vc_empty_space][vc_empty_space]<div id=\"ultimate-heading-589869fe71820b34a\" class=\"uvc-heading ult-adjust-bottom-margin ultimate-heading-589869fe71820b34a uvc-1722 \" data-hspacer=\"no_spacer\"  data-halign=\"left\" style=\"text-align:left\"><div class=\"uvc-heading-spacer no_spacer\" style=\"top\"><\/div><div class=\"uvc-main-heading ult-responsive\"  data-ultimate-target='.uvc-heading.ultimate-heading-589869fe71820b34a h3'  data-responsive-json-new='{\"font-size\":\"\",\"line-height\":\"\"}' ><h3 style=\"font-family:'Advent Pro';font-weight:bold;color:rgba(141,141,141,0.7);\">VIDEO LINEAL<\/h3><\/div><div class=\"uvc-sub-heading ult-responsive\"  data-ultimate-target='.uvc-heading.ultimate-heading-589869fe71820b34a .uvc-sub-heading '  data-responsive-json-new='{\"font-size\":\"desktop:14px;\",\"line-height\":\"desktop:24px;\"}'  style=\"font-family:'Average Sans';font-weight:normal;color:#8d8d8d;\">Para las novias que se quedaron con ganas de &#8220;un poquito mas&#8221; ofrezco el Video Lineal, que b\u00e1sicamente es la ceremonia de principio a fin, incluyendo muchisimo mas contenido previo al momento de la ceremonia como la organizaci\u00f3n del evento, el getting ready del novio\/novia y mucho m\u00e1s contenido de la recepci\u00f3n, speeches, y escenas que por una cuesti\u00f3n de tiempo no han podido entrar en el Short-Film. Si la ceremonia completa dura unos 30 minutos tendremos un Video Lineal de por lo menos 40 minutos.<\/div><\/div>[vc_empty_space][vc_empty_space]<div id=\"ultimate-heading-11069fe71820b352\" class=\"uvc-heading ult-adjust-bottom-margin ultimate-heading-11069fe71820b352 uvc-3125 \" data-hspacer=\"no_spacer\"  data-halign=\"left\" style=\"text-align:left\"><div class=\"uvc-heading-spacer no_spacer\" style=\"top\"><\/div><div class=\"uvc-main-heading ult-responsive\"  data-ultimate-target='.uvc-heading.ultimate-heading-11069fe71820b352 h3'  data-responsive-json-new='{\"font-size\":\"\",\"line-height\":\"\"}' ><h3 style=\"font-family:'Advent Pro';font-weight:bold;color:rgba(141,141,141,0.7);\">MAS EJEMPLOS<\/h3><\/div><div class=\"uvc-sub-heading ult-responsive\"  data-ultimate-target='.uvc-heading.ultimate-heading-11069fe71820b352 .uvc-sub-heading '  data-responsive-json-new='{\"font-size\":\"desktop:14px;\",\"line-height\":\"desktop:24px;\"}'  style=\"font-family:'Average Sans';font-weight:normal;color:#8d8d8d;\">As\u00ed como cada video que producimos cuenta con una esencia diferente porque cada boda es diferente, no publicamos absolutamente todo nuestro trabajo ya que algunos de nuestros clientes solicitan mas privacidad que otros, pero no te preocupes que si te quedaste con ganas de ver mas videos es porque evidentemente hemos hecho un buen trabajo =P<\/p>\n<p>De todas maneras, podr\u00e1s ver mas de nuestros videos en el siguiente link de Vimeo: <strong><a href=\"http:\/\/www.vimeo.com\/LopezSpratt\">http:\/\/www.vimeo.com\/LopezSpratt<\/a><\/strong><\/div><\/div><div class=\"ult-spacer spacer-69fe71820b35a\" data-id=\"69fe71820b35a\" data-height=\"19\" data-height-mobile=\"19\" data-height-tab=\"19\" data-height-tab-portrait=\"\" data-height-mobile-landscape=\"\" style=\"clear:both;display:block;\"><\/div><div id=\"ultimate-heading-757069fe71820b3bb\" class=\"uvc-heading ult-adjust-bottom-margin ultimate-heading-757069fe71820b3bb uvc-4353 \" data-hspacer=\"line_with_icon\" data-hline_width=\"auto\" data-hicon_type=\"selector\" data-hborder_style=\"solid\" data-hborder_height=\"1\" data-hborder_color=\"#e0e0e0\" data-icon_width=\"28\" data-hfixer=\"10\"  data-halign=\"center\" style=\"text-align:center\"><div class=\"uvc-heading-spacer line_with_icon\" style=\"topheight:28px;\"><div class=\"ult-just-icon-wrapper  \"><div class=\"align-icon\" style=\"text-align:center;\">\n<div class=\"aio-icon none \"  style=\"font-size:28px;display:inline-block;\">\n\t<i class=\"Defaults-video-camera\"><\/i>\n<\/div><\/div><\/div><\/div><\/div>[\/vc_column_inner][vc_column_inner width=&#8221;1\/4&#8243;][\/vc_column_inner][\/vc_row_inner][\/vc_column][\/vc_row][vc_row gap=&#8221;30&#8243; bg_type=&#8221;image&#8221; parallax_style=&#8221;vcpb-vz-jquery&#8221; bg_image_new=&#8221;id^827|url^http:\/\/www.lopezspratt.com\/v3\/wp-content\/uploads\/2015\/01\/Preview-Image-32.jpg|caption^null|alt^null|title^Fotografo de Bodas Las Terrenas|description^null&#8221; bg_override=&#8221;ex-full&#8221;][vc_column]<div class=\"ult-spacer spacer-69fe71820b3c2\" data-id=\"69fe71820b3c2\" data-height=\"20\" data-height-mobile=\"20\" data-height-tab=\"20\" data-height-tab-portrait=\"\" data-height-mobile-landscape=\"\" style=\"clear:both;display:block;\"><\/div>[vc_row_inner css=&#8221;.vc_custom_1474504689364{padding-top: 20px !important;padding-right: 20px !important;padding-bottom: 20px !important;padding-left: 20px !important;background-color: rgba(37,150,18,0.24) !important;*background-color: rgb(37,150,18) !important;}&#8221;][vc_column_inner width=&#8221;1\/6&#8243;]<div class=\"ult-just-icon-wrapper  \"><div class=\"align-icon\" style=\"text-align:center;\">\n<div class=\"aio-icon circle \" data-animation=\"swing\" data-animation-delay=\"03\" style=\"color:#ffffff;background:#259612;font-size:22px;display:inline-block;\">\n\t<i class=\"Defaults-check\"><\/i>\n<\/div><\/div><\/div>[\/vc_column_inner][vc_column_inner width=&#8221;5\/6&#8243;][vc_custom_heading text=&#8221;Actualmente me encuentro en Punta Cana y Las Terrenas, Saman\u00e1, Rep\u00fablica Dominicana, teniendo total disponibilidad para viajar a lo largo y ancho del pa\u00eds para ofrecer Fotografia de Bodas. Video de Bodas. Trash The Dress. Destination Weddings.&#8221; font_container=&#8221;tag:h3|text_align:center&#8221; google_fonts=&#8221;font_family:Montserrat%3Aregular%2C700|font_style:400%20regular%3A400%3Anormal&#8221;][\/vc_column_inner][\/vc_row_inner]<div class=\"ult-spacer spacer-69fe71820b3d0\" data-id=\"69fe71820b3d0\" data-height=\"20\" data-height-mobile=\"20\" data-height-tab=\"20\" data-height-tab-portrait=\"\" data-height-mobile-landscape=\"\" style=\"clear:both;display:block;\"><\/div>[\/vc_column][\/vc_row]<\/p>\n<\/div>","protected":false},"excerpt":{"rendered":"<p>[vc_row][vc_column][\/vc_column][\/vc_row][vc_row][vc_column][\/vc_column][\/vc_row][vc_row gap=&#8221;35&#8243; content_placement=&#8221;middle&#8221;][vc_column][vc_row_inner][vc_column_inner width=&#8221;1\/4&#8243;][\/vc_column_inner][vc_column_inner width=&#8221;1\/2&#8243;][vc_separator][vc_separator][vc_separator][vc_empty_space][vc_empty_space][vc_empty_space][vc_video link=&#8221;https:\/\/vimeo.com\/226375705&#8243; align=&#8221;center&#8221;][vc_empty_space][vc_video link=&#8221;https:\/\/vimeo.com\/225475415&#8243; align=&#8221;center&#8221;][vc_empty_space][vc_empty_space][vc_empty_space][vc_video link=&#8221;https:\/\/vimeo.com\/225478758&#8243; align=&#8221;center&#8221;][vc_empty_space][vc_video link=&#8221;https:\/\/vimeo.com\/225592263&#8243; align=&#8221;center&#8221;][vc_empty_space][vc_empty_space][vc_empty_space][vc_empty_space][\/vc_column_inner][vc_column_inner width=&#8221;1\/4&#8243;][\/vc_column_inner][\/vc_row_inner][\/vc_column][\/vc_row][vc_row gap=&#8221;30&#8243; bg_type=&#8221;image&#8221; parallax_style=&#8221;vcpb-vz-jquery&#8221; bg_image_new=&#8221;id^827|url^http:\/\/www.lopezspratt.com\/v3\/wp-content\/uploads\/2015\/01\/Preview-Image-32.jpg|caption^null|alt^null|title^Fotografo de Bodas Las Terrenas|description^null&#8221; bg_override=&#8221;ex-full&#8221;][vc_column][vc_row_inner css=&#8221;.vc_custom_1474504689364{padding-top: 20px !important;padding-right: 20px !important;padding-bottom: 20px !important;padding-left: 20px !important;background-color: rgba(37,150,18,0.24) !important;*background-color: rgb(37,150,18) !important;}&#8221;][vc_column_inner width=&#8221;1\/6&#8243;][\/vc_column_inner][vc_column_inner width=&#8221;5\/6&#8243;][vc_custom_heading text=&#8221;Actualmente me encuentro en Punta Cana y Las Terrenas, Saman\u00e1, Rep\u00fablica Dominicana, teniendo total disponibilidad para viajar [&hellip;]<\/p>\n","protected":false},"author":1,"featured_media":0,"parent":0,"menu_order":0,"comment_status":"closed","ping_status":"closed","template":"","meta":{"footnotes":""},"class_list":["post-3349","page","type-page","status-publish","hentry"],"_links":{"self":[{"href":"http:\/\/www.lopezspratt.com\/v3\/wp-json\/wp\/v2\/pages\/3349","targetHints":{"allow":["GET"]}}],"collection":[{"href":"http:\/\/www.lopezspratt.com\/v3\/wp-json\/wp\/v2\/pages"}],"about":[{"href":"http:\/\/www.lopezspratt.com\/v3\/wp-json\/wp\/v2\/types\/page"}],"author":[{"embeddable":true,"href":"http:\/\/www.lopezspratt.com\/v3\/wp-json\/wp\/v2\/users\/1"}],"replies":[{"embeddable":true,"href":"http:\/\/www.lopezspratt.com\/v3\/wp-json\/wp\/v2\/comments?post=3349"}],"version-history":[{"count":9,"href":"http:\/\/www.lopezspratt.com\/v3\/wp-json\/wp\/v2\/pages\/3349\/revisions"}],"predecessor-version":[{"id":13933,"href":"http:\/\/www.lopezspratt.com\/v3\/wp-json\/wp\/v2\/pages\/3349\/revisions\/13933"}],"wp:attachment":[{"href":"http:\/\/www.lopezspratt.com\/v3\/wp-json\/wp\/v2\/media?parent=3349"}],"curies":[{"name":"wp","href":"https:\/\/api.w.org\/{rel}","templated":true}]}}